{"id":7985,"date":"2016-10-10T20:17:42","date_gmt":"2016-10-10T17:17:42","guid":{"rendered":"https:\/\/www.propertiesturkey.com\/search-results\/"},"modified":"2025-11-18T14:01:11","modified_gmt":"2025-11-18T11:01:11","slug":"search-results","status":"publish","type":"page","link":"https:\/\/www.propertiesturkey.com\/ru\/search-results\/","title":{"rendered":"\u041d\u0430\u0448\u0430 \u043d\u0435\u0434\u0432\u0438\u0436\u0438\u043c\u043e\u0441\u0442\u044c"},"content":{"rendered":"\t\t<div data-elementor-type=\"wp-page\" data-elementor-id=\"7985\" class=\"elementor elementor-7985 elementor-2317\">\n\t\t\t\t<div class=\"elementor-element elementor-element-e8404f8 e-flex e-con-boxed e-con e-parent\" data-id=\"e8404f8\" data-element_type=\"container\" data-e-type=\"container\" data-settings=\"{&quot;background_background&quot;:&quot;gradient&quot;}\">\n\t\t\t\t\t<div class=\"e-con-inner\">\n\t\t\t\t<div class=\"elementor-element elementor-element-626065c elementor-button-align-center elementor-widget elementor-widget-houzez_elementor_search_builder\" data-id=\"626065c\" data-element_type=\"widget\" data-e-type=\"widget\" data-widget_type=\"houzez_elementor_search_builder.default\">\n\t\t\t\t<div class=\"elementor-widget-container\">\n\t\t\t\t\t\n        <form class=\"houzez-search-form-js houzez-search-builder-form-js\" id=\"houzez-search-626065c\" method=\"get\" action=\"https:\/\/www.propertiesturkey.com\/ru\/search-results\/\" >\n\n            \n            <div class=\"houzez-search-builder-wrapper\">\n\n                <div class=\"houzez-ele-search-form-wrapper elementor-form-fields-wrapper elementor-labels-above\">\n\n                                            <div class=\"elementor-field-group elementor-column form-group elementor-field-group-field-property_id elementor-col-14\">\n                    <label for=\"form-field-field-property_id\" class=\"elementor-field-label elementor-screen-only\">ID \u043d\u0435\u0434\u0432\u0438\u0436\u0438\u043c\u043e\u0441\u0442\u0438<\/label><input type=\"text\" size=\"1\" name=\"property_id\" id=\"form-field-field-property_id\" value=\"\" class=\"elementor-field form-control elementor-size-sm elementor-field-textual\" placeholder=\"ID \u043d\u0435\u0434\u0432\u0438\u0436\u0438\u043c\u043e\u0441\u0442\u0438\">                    <\/div>\n                                <div class=\"elementor-field-group elementor-column form-group elementor-field-group-field-types elementor-col-14 elementor-sm-100\">\n                    <label for=\"form-field-field-types\" class=\"elementor-field-label elementor-screen-only\">Property Type<\/label>        <div class=\"elementor-field elementor-select-wrapper\">\n            <select multiple=\"multiple\" title=\"\u0412\u0441\u0435 \u0442\u0438\u043f\u044b\" data-selected-text-format=\"count &gt; 1\" data-select-all-text=\"Select All\" data-deselect-all-text=\"Deselect All\" data-actions-box=\"true\" data-count-selected-text=\"{0} types selected\" data-size=\"5\" name=\"type[]\" id=\"form-field-field-types\" class=\"selectpicker bs-select-hidden houzez-field-textual form-control elementor-size-sm \" data-none-results-text=\"No results matched {0}\">\n                <option data-ref=\"bungalov\"   value=\"bungalov\">\u0411\u0443\u043d\u0433\u0430\u043b\u043e<\/option><option data-ref=\"villa-ru\"   value=\"villa-ru\">\u0412\u0438\u043b\u043b\u0430<\/option><option data-ref=\"satilik-arsa\"   value=\"satilik-arsa\">\u0417\u0435\u043c\u043b\u044f \u043d\u0430 \u043f\u0440\u043e\u0434\u0430\u0436\u0443<\/option><option data-ref=\"%d0%ba%d0%b2%d0%b0%d1%80%d1%82%d0%b8%d1%80%d0%b0\"   value=\"%d0%ba%d0%b2%d0%b0%d1%80%d1%82%d0%b8%d1%80%d0%b0\">\u041a\u0432\u0430\u0440\u0442\u0438\u0440\u0430<\/option><option data-ref=\"%d0%ba%d0%be%d0%bc%d0%bc%d0%b5%d1%80%d1%87%d0%b5%d1%81%d0%ba%d0%b0%d1%8f-%d0%bd%d0%b5%d0%b4%d0%b2%d0%b8%d0%b6%d0%b8%d0%bc%d0%be%d1%81%d1%82%d1%8c\"   value=\"%d0%ba%d0%be%d0%bc%d0%bc%d0%b5%d1%80%d1%87%d0%b5%d1%81%d0%ba%d0%b0%d1%8f-%d0%bd%d0%b5%d0%b4%d0%b2%d0%b8%d0%b6%d0%b8%d0%bc%d0%be%d1%81%d1%82%d1%8c\">\u041a\u043e\u043c\u043c\u0435\u0440\u0447\u0435\u0441\u043a\u0430\u044f \u043d\u0435\u0434\u0432\u0438\u0436\u0438\u043c\u043e\u0441\u0442\u044c<\/option><option data-ref=\"%d0%bd%d0%b0%d1%88%d0%b8-%d0%bf%d1%80%d0%b5%d0%b4%d0%bb%d0%be%d0%b6%d0%b5%d0%bd%d0%b8%d1%8f\"   value=\"%d0%bd%d0%b0%d1%88%d0%b8-%d0%bf%d1%80%d0%b5%d0%b4%d0%bb%d0%be%d0%b6%d0%b5%d0%bd%d0%b8%d1%8f\">\u041d\u0430\u0448\u0438 \u043f\u0440\u0435\u0434\u043b\u043e\u0436\u0435\u043d\u0438\u044f<\/option><option data-ref=\"%d0%be%d1%82%d0%b4%d0%b5%d0%bb%d1%8c%d0%bd%d1%8b%d0%b9-%d0%b4%d0%be%d0%bc\"   value=\"%d0%be%d1%82%d0%b4%d0%b5%d0%bb%d1%8c%d0%bd%d1%8b%d0%b9-%d0%b4%d0%be%d0%bc\">\u041e\u0442\u0434\u0435\u043b\u044c\u043d\u044b\u0439 \u0434\u043e\u043c<\/option><option data-ref=\"%d0%be%d1%82%d0%b5%d0%bb%d1%8c-%d0%bd%d0%b0-%d0%bf%d1%80%d0%be%d0%b4%d0%b0%d0%b6%d1%83\"   value=\"%d0%be%d1%82%d0%b5%d0%bb%d1%8c-%d0%bd%d0%b0-%d0%bf%d1%80%d0%be%d0%b4%d0%b0%d0%b6%d1%83\">\u041e\u0442\u0435\u043b\u044c \u043d\u0430 \u043f\u0440\u043e\u0434\u0430\u0436\u0443<\/option>            <\/select>\n        <\/div>\n                            <\/div>\n                                <div class=\"elementor-field-group elementor-column form-group elementor-field-group-field-cities elementor-col-14\">\n                    <label for=\"form-field-field-cities\" class=\"elementor-field-label elementor-screen-only\">Cities<\/label>        <div class=\"elementor-field elementor-select-wrapper\">\n            <select data-size=\"5\" name=\"location[]\" id=\"form-field-field-cities\" class=\"selectpicker bs-select-hidden houzez-field-textual form-control elementor-size-sm houzezSelectFilter houzezCityFilter houzezThirdList houzez-city-js\" data-none-results-text=\"No results matched {0}\" data-target=\"houzezFourthList\">\n                <option value=\"\">\u0412\u0441\u0435 \u0433\u043e\u0440\u043e\u0434\u0430<\/option><option data-ref=\"antalya\" data-belong=\"\" data-subtext=\"\" value=\"antalya\">\u0410\u043d\u0442\u0430\u043b\u0438\u044f<\/option><option data-ref=\"bodrum\" data-belong=\"\" data-subtext=\"\" value=\"bodrum\">\u0411\u043e\u0434\u0440\u0443\u043c<\/option><option data-ref=\"kalkan\" data-belong=\"\" data-subtext=\"\" value=\"kalkan\">\u041a\u0430\u043b\u043a\u0430\u043d<\/option><option data-ref=\"kas\" data-belong=\"\" data-subtext=\"\" value=\"kas\">\u041a\u0430\u0448<\/option><option data-ref=\"seydikemer\" data-belong=\"\" data-subtext=\"\" value=\"seydikemer\">\u0421\u0435\u0439\u0434\u0438\u043a\u0435\u043c\u0435\u0440<\/option><option data-ref=\"fethiye-ru\" data-belong=\"\" data-subtext=\"\" value=\"fethiye-ru\">\u0424\u0435\u0442\u0445\u0438\u0435<\/option>            <\/select>\n        <\/div>\n                            <\/div>\n                                <div class=\"elementor-field-group elementor-column form-group elementor-field-group-a7f6310 elementor-col-14\">\n                    <label for=\"form-field-a7f6310\" class=\"elementor-field-label elementor-screen-only\">\u0420\u0430\u0439\u043e\u043d<\/label>        <div class=\"elementor-field elementor-select-wrapper\">\n            <select data-size=\"5\" name=\"areas[]\" id=\"form-field-a7f6310\" class=\"selectpicker bs-select-hidden houzez-field-textual form-control elementor-size-sm houzezSelectFilter houzezFourthList\" data-none-results-text=\"No results matched {0}\">\n                <option value=\"\">\u0420\u0430\u0439\u043e\u043d<\/option><option data-ref=\"ciftlik\" data-belong=\"fethiye-ru\" data-subtext=\"\u0424\u0435\u0442\u0445\u0438\u0435\" value=\"ciftlik\">Ciftlik<\/option><option data-ref=\"doger\" data-belong=\"seydikemer\" data-subtext=\"Seydikemer\" value=\"doger\">Doger<\/option><option data-ref=\"gerisburnu\" data-belong=\"seydikemer\" data-subtext=\"Seydikemer\" value=\"gerisburnu\">Gerisburnu<\/option><option data-ref=\"gocek\" data-belong=\"fethiye-ru\" data-subtext=\"\u0424\u0435\u0442\u0445\u0438\u0435\" value=\"gocek\">Gocek<\/option><option data-ref=\"hisaronu\" data-belong=\"fethiye-ru\" data-subtext=\"\u0424\u0435\u0442\u0445\u0438\u0435\" value=\"hisaronu\">Hisaronu<\/option><option data-ref=\"kadikoy\" data-belong=\"seydikemer\" data-subtext=\"Seydikemer\" value=\"kadikoy\">Kadikoy<\/option><option data-ref=\"kalamar\" data-belong=\"\" data-subtext=\"\" value=\"kalamar\">Kalamar<\/option><option data-ref=\"kayakoy\" data-belong=\"fethiye-ru\" data-subtext=\"\u0424\u0435\u0442\u0445\u0438\u0435\" value=\"kayakoy\">Kayakoy<\/option><option data-ref=\"kiziltas\" data-belong=\"\" data-subtext=\"\" value=\"kiziltas\">K\u0131z\u0131lta\u015f<\/option><option data-ref=\"ortaalan\" data-belong=\"\" data-subtext=\"\" value=\"ortaalan\">Ortaalan<\/option><option data-ref=\"sovalye\" data-belong=\"fethiye-ru\" data-subtext=\"\u0424\u0435\u0442\u0445\u0438\u0435\" value=\"sovalye\">Sovalye<\/option><option data-ref=\"uzumlu\" data-belong=\"fethiye-ru\" data-subtext=\"\u0424\u0435\u0442\u0445\u0438\u0435\" value=\"uzumlu\">Uzumlu<\/option><option data-ref=\"islamlar\" data-belong=\"kalkan\" data-subtext=\"Kalkan\" value=\"islamlar\">\u0418\u0441\u043b\u0430\u043c\u043b\u0430\u0440<\/option><option data-ref=\"konyaalti\" data-belong=\"antalya\" data-subtext=\"Antalya\" value=\"konyaalti\">\u041a\u043e\u043d\u044c\u044f\u0430\u043b\u0442\u044b<\/option><option data-ref=\"lara\" data-belong=\"antalya\" data-subtext=\"Antalya\" value=\"lara\">\u041b\u0430\u0440\u0430<\/option><option data-ref=\"ovacik\" data-belong=\"fethiye-ru\" data-subtext=\"\u0424\u0435\u0442\u0445\u0438\u0435\" value=\"ovacik\">\u041e\u0432\u0430\u0436\u0438\u043a<\/option><option data-ref=\"faralya\" data-belong=\"fethiye-ru\" data-subtext=\"\u0424\u0435\u0442\u0445\u0438\u0435\" value=\"faralya\">\u0424\u0430\u0440\u0430\u043b\u044c\u044f<\/option><option data-ref=\"fethiye-merkez\" data-belong=\"fethiye-ru\" data-subtext=\"\u0424\u0435\u0442\u0445\u0438\u0435\" value=\"fethiye-merkez\">\u0426\u0435\u043d\u0442\u0440 \u0424\u0435\u0442\u0445\u0438\u0435<\/option><option data-ref=\"calis-ru\" data-belong=\"fethiye-ru\" data-subtext=\"\u0424\u0435\u0442\u0445\u0438\u0435\" value=\"calis-ru\">\u0427\u0430\u043b\u044b\u0448<\/option>            <\/select>\n        <\/div>\n                            <\/div>\n                                <div class=\"elementor-field-group elementor-column form-group elementor-field-group-d30eb66 elementor-col-14\">\n                    <label for=\"form-field-d30eb66\" class=\"elementor-field-label elementor-screen-only\">\u0421\u043f\u0430\u043b\u044c\u043d\u0438<\/label>        <div class=\"elementor-field elementor-select-wrapper\">\n            <select data-size=\"5\" name=\"bedrooms\" id=\"form-field-d30eb66\" class=\"selectpicker bs-select-hidden houzez-field-textual form-control elementor-size-sm\">\n                <option value=\"\">\u0421\u043f\u0430\u043b\u044c\u043d\u0438<\/option><option value=\"1\">1<\/option><option value=\"2\">2<\/option><option value=\"3\">3<\/option><option value=\"4\">4<\/option><option value=\"5\">5<\/option><option value=\"6\">6<\/option><option value=\"7\">7<\/option><option value=\"8\">8<\/option><option value=\"9\">9<\/option><option value=\"10\">10<\/option><option value=\"any\">Any<\/option>            <\/select>\n        <\/div>\n                            <\/div>\n                                <div class=\"elementor-field-group elementor-column form-group elementor-field-group-field-min-price elementor-col-14 elementor-sm-50\">\n                    <label for=\"form-field-field-min-price\" class=\"elementor-field-label elementor-screen-only\">Min. Price<\/label>            <div class=\"prices-for-all elementor-field elementor-select-wrapper\">\n                <select data-live-search=\"true\" data-live-search-normalize=\"true\" data-size=\"5\" name=\"min-price\" id=\"form-field-field-min-price\" class=\"selectpicker bs-select-hidden houzez-field-textual form-control elementor-size-sm\">\n                    <option value=\"\">\u041c\u0438\u043d. \u0446\u0435\u043d\u0430<\/option><option value=\"any\">Any<\/option><option value=\"1000\">\u00a31,000<\/option><option value=\"5000\">\u00a35,000<\/option><option value=\"10000\">\u00a310,000<\/option><option value=\"50000\">\u00a350,000<\/option><option value=\"100000\">\u00a3100,000<\/option><option value=\"200000\">\u00a3200,000<\/option><option value=\"300000\">\u00a3300,000<\/option><option value=\"400000\">\u00a3400,000<\/option><option value=\"500000\">\u00a3500,000<\/option><option value=\"600000\">\u00a3600,000<\/option><option value=\"700000\">\u00a3700,000<\/option><option value=\"800000\">\u00a3800,000<\/option><option value=\"900000\">\u00a3900,000<\/option><option value=\"1000000\">\u00a31,000,000<\/option><option value=\"1500000\">\u00a31,500,000<\/option><option value=\"2000000\">\u00a32,000,000<\/option><option value=\"2500000\">\u00a32,500,000<\/option>\n                <\/select><!-- selectpicker -->\n            <\/div><!-- form-group -->\n\n            <div class=\"hide prices-only-for-rent elementor-field elementor-select-wrapper\">\n                <select data-live-search=\"true\" data-live-search-normalize=\"true\" data-size=\"5\" name=\"min-price\" id=\"form-field-field-min-price\" class=\"selectpicker bs-select-hidden houzez-field-textual form-control elementor-size-sm\">\n                    <option value=\"\">\u041c\u0438\u043d. \u0446\u0435\u043d\u0430<\/option><option value=\"any\">Any<\/option><option value=\"500\">\u00a3500<\/option><option value=\"1000\">\u00a31,000<\/option><option value=\"2000\">\u00a32,000<\/option><option value=\"3000\">\u00a33,000<\/option><option value=\"4000\">\u00a34,000<\/option><option value=\"5000\">\u00a35,000<\/option><option value=\"7500\">\u00a37,500<\/option><option value=\"10000\">\u00a310,000<\/option><option value=\"15000\">\u00a315,000<\/option><option value=\"20000\">\u00a320,000<\/option><option value=\"25000\">\u00a325,000<\/option><option value=\"30000\">\u00a330,000<\/option><option value=\"40000\">\u00a340,000<\/option><option value=\"50000\">\u00a350,000<\/option><option value=\"75000\">\u00a375,000<\/option><option value=\"100000\">\u00a3100,000<\/option>\n                <\/select><!-- selectpicker -->\n            <\/div><!-- form-group -->\n\n                            <\/div>\n                                <div class=\"elementor-field-group elementor-column form-group elementor-field-group-field-max-price elementor-col-14 elementor-sm-50\">\n                    <label for=\"form-field-field-max-price\" class=\"elementor-field-label elementor-screen-only\">Max. Price<\/label>        <div class=\"prices-for-all elementor-field elementor-select-wrapper\">\n            <select data-size=\"5\" name=\"max-price\" id=\"form-field-field-max-price\" data-live-search=\"true\" data-live-search-normalize=\"true\" class=\"selectpicker bs-select-hidden houzez-field-textual form-control elementor-size-sm\">\n                <option value=\"\">\u041c\u0430\u043a\u0441. \u0446\u0435\u043d\u0430<\/option><option value=\"any\">Any<\/option><option value=\"5000\">\u00a35,000<\/option><option value=\"10000\">\u00a310,000<\/option><option value=\"50000\">\u00a350,000<\/option><option value=\"100000\">\u00a3100,000<\/option><option value=\"200000\">\u00a3200,000<\/option><option value=\"300000\">\u00a3300,000<\/option><option value=\"400000\">\u00a3400,000<\/option><option value=\"500000\">\u00a3500,000<\/option><option value=\"600000\">\u00a3600,000<\/option><option value=\"700000\">\u00a3700,000<\/option><option value=\"800000\">\u00a3800,000<\/option><option value=\"900000\">\u00a3900,000<\/option><option value=\"1000000\">\u00a31,000,000<\/option><option value=\"1500000\">\u00a31,500,000<\/option><option value=\"2000000\">\u00a32,000,000<\/option><option value=\"2500000\">\u00a32,500,000<\/option><option value=\"5000000\">\u00a35,000,000<\/option>\n            <\/select><!-- selectpicker -->\n        <\/div><!-- form-group -->\n\n        <div class=\"hide prices-only-for-rent elementor-field elementor-select-wrapper\">\n            <select data-size=\"5\" name=\"max-price\" id=\"form-field-field-max-price\" data-live-search=\"true\" data-live-search-normalize=\"true\" class=\"selectpicker bs-select-hidden houzez-field-textual form-control elementor-size-sm\">\n                <option value=\"\">\u041c\u0430\u043a\u0441. \u0446\u0435\u043d\u0430<\/option><option value=\"any\">Any<\/option><option value=\"1000\">\u00a31,000<\/option><option value=\"2000\">\u00a32,000<\/option><option value=\"3000\">\u00a33,000<\/option><option value=\"4000\">\u00a34,000<\/option><option value=\"5000\">\u00a35,000<\/option><option value=\"7500\">\u00a37,500<\/option><option value=\"10000\">\u00a310,000<\/option><option value=\"15000\">\u00a315,000<\/option><option value=\"20000\">\u00a320,000<\/option><option value=\"25000\">\u00a325,000<\/option><option value=\"30000\">\u00a330,000<\/option><option value=\"40000\">\u00a340,000<\/option><option value=\"50000\">\u00a350,000<\/option><option value=\"75000\">\u00a375,000<\/option><option value=\"100000\">\u00a3100,000<\/option><option value=\"150000\">\u00a3150,000<\/option>\n            <\/select><!-- selectpicker -->\n        <\/div><!-- form-group -->\n                            <\/div>\n                                    <div class=\"elementor-field-group elementor-column elementor-field-type-submit elementor-col-100\">\n                                <button type=\"submit\" class=\"houzez-search-button btn-primary elementor-button elementor-size-sm\">\n                                                                            \u041f\u043e\u0438\u0441\u043a                                                                    <\/button>\n                            <\/div>\n                            \n                <\/div><!-- End main wrapper-->\n\n                            <\/div> <!-- End houzez-search-builder-wrapper -->\n        <\/form>\n\n        \t\t\t\t<\/div>\n\t\t\t\t<\/div>\n\t\t\t\t\t<\/div>\n\t\t\t\t<\/div>\n\t\t<div class=\"elementor-element elementor-element-bd67763 e-flex e-con-boxed e-con e-parent\" data-id=\"bd67763\" data-element_type=\"container\" data-e-type=\"container\">\n\t\t\t\t\t<div class=\"e-con-inner\">\n\t\t\t\t<div class=\"elementor-element elementor-element-4a49faa elementor-widget elementor-widget-houzez_elementor_section_title\" data-id=\"4a49faa\" data-element_type=\"widget\" data-e-type=\"widget\" data-widget_type=\"houzez_elementor_section_title.default\">\n\t\t\t\t<div class=\"elementor-widget-container\">\n\t\t\t\t\t            <div class=\"houzez_section_title_wrap section-title-module\">\n                                    <h2 class=\"houzez_section_title\">\u0421\u0430\u043c\u044b\u0435 \u043d\u043e\u0432\u044b\u0435 \u043e\u0431\u044a\u0435\u043a\u0442\u044b \u043d\u0435\u0434\u0432\u0438\u0436\u0438\u043c\u043e\u0441\u0442\u0438<\/h2>\n                \n                            <\/div>\n            \t\t\t\t<\/div>\n\t\t\t\t<\/div>\n\t\t\t\t<div class=\"elementor-element elementor-element-0432b3b elementor-widget elementor-widget-text-editor\" data-id=\"0432b3b\" data-element_type=\"widget\" data-e-type=\"widget\" data-widget_type=\"text-editor.default\">\n\t\t\t\t<div class=\"elementor-widget-container\">\n\t\t\t\t\t\t\t\t\t\u041e\u0442\u043a\u0440\u043e\u0439\u0442\u0435 \u0434\u043b\u044f \u0441\u0435\u0431\u044f \u0442\u0449\u0430\u0442\u0435\u043b\u044c\u043d\u043e \u043e\u0442\u043e\u0431\u0440\u0430\u043d\u043d\u0443\u044e \u043f\u043e\u0434\u0431\u043e\u0440\u043a\u0443 \u0432\u0438\u043b\u043b, \u0430\u043f\u0430\u0440\u0442\u0430\u043c\u0435\u043d\u0442\u043e\u0432 \u0438 \u0437\u0435\u043c\u0435\u043b\u044c\u043d\u044b\u0445 \u0443\u0447\u0430\u0441\u0442\u043a\u043e\u0432 \u0432 \u0437\u0430\u0445\u0432\u0430\u0442\u044b\u0432\u0430\u044e\u0449\u0435\u043c \u0434\u0443\u0445 \u0440\u0435\u0433\u0438\u043e\u043d\u0435 \u0424\u0435\u0442\u0445\u0438\u0435 \u043d\u0430 \u044e\u0433\u043e-\u0437\u0430\u043f\u0430\u0434\u043d\u043e\u043c \u043f\u043e\u0431\u0435\u0440\u0435\u0436\u044c\u0435 \u0422\u0443\u0440\u0446\u0438\u0438. \u0418\u0449\u0435\u0442\u0435 \u043b\u0438 \u0432\u044b \u0434\u043e\u043c \u0434\u043b\u044f \u043e\u0442\u0434\u044b\u0445\u0430, \u0432\u044b\u0433\u043e\u0434\u043d\u0443\u044e \u0438\u043d\u0432\u0435\u0441\u0442\u0438\u0446\u0438\u044e \u0438\u043b\u0438 \u043d\u0435\u0434\u0432\u0438\u0436\u0438\u043c\u043e\u0441\u0442\u044c, \u043f\u043e\u0434\u0445\u043e\u0434\u044f\u0449\u0443\u044e \u0434\u043b\u044f \u043f\u043e\u043b\u0443\u0447\u0435\u043d\u0438\u044f \u0442\u0443\u0440\u0435\u0446\u043a\u043e\u0433\u043e \u0433\u0440\u0430\u0436\u0434\u0430\u043d\u0441\u0442\u0432\u0430 \u0438\u043b\u0438 \u0432\u0438\u0434\u0430 \u043d\u0430 \u0436\u0438\u0442\u0435\u043b\u044c\u0441\u0442\u0432\u043e, \u2014 \u0432 \u043d\u0430\u0448\u0438\u0445 \u043f\u0440\u0435\u0434\u043b\u043e\u0436\u0435\u043d\u0438\u044f\u0445 \u0432\u044b \u043d\u0430\u0439\u0434\u0435\u0442\u0435 \u0440\u0430\u0437\u043d\u043e\u043e\u0431\u0440\u0430\u0437\u043d\u044b\u0435 \u0432\u0430\u0440\u0438\u0430\u043d\u0442\u044b, \u043e\u0442\u0432\u0435\u0447\u0430\u044e\u0449\u0438\u0435 \u0432\u0430\u0448\u0438\u043c \u043f\u043e\u0442\u0440\u0435\u0431\u043d\u043e\u0441\u0442\u044f\u043c.\n\n\u041a\u0430\u0436\u0434\u044b\u0439 \u043e\u0431\u044a\u0435\u043a\u0442 \u043f\u0440\u043e\u0432\u0435\u0440\u0435\u043d \u0438 \u043f\u0440\u0435\u0434\u0441\u0442\u0430\u0432\u043b\u0435\u043d \u0441 \u043f\u043e\u0434\u0440\u043e\u0431\u043d\u043e\u0439 \u0438\u043d\u0444\u043e\u0440\u043c\u0430\u0446\u0438\u0435\u0439, \u0447\u0442\u043e\u0431\u044b \u0441\u0434\u0435\u043b\u0430\u0442\u044c \u0432\u0430\u0448\u0443 \u043f\u043e\u043a\u0443\u043f\u043a\u0443 \u0431\u0435\u0437\u043e\u043f\u0430\u0441\u043d\u043e\u0439 \u0438 \u0431\u0435\u0441\u043f\u0440\u043e\u0431\u043b\u0435\u043c\u043d\u043e\u0439. \u041d\u0430\u0447\u043d\u0438\u0442\u0435 \u043f\u043e\u0438\u0441\u043a \u043f\u0440\u044f\u043c\u043e \u0441\u0435\u0439\u0447\u0430\u0441 \u0438 \u043d\u0430\u0439\u0434\u0438\u0442\u0435 \u0438\u0434\u0435\u0430\u043b\u044c\u043d\u0443\u044e \u043d\u0435\u0434\u0432\u0438\u0436\u0438\u043c\u043e\u0441\u0442\u044c \u0432\u043c\u0435\u0441\u0442\u0435 \u0441 PropertiesTurkey.com.\t\t\t\t\t\t\t\t<\/div>\n\t\t\t\t<\/div>\n\t\t\t\t\t<\/div>\n\t\t\t\t<\/div>\n\t\t\t\t<\/div>\n\t\t","protected":false},"excerpt":{"rendered":"<p>ID \u043d\u0435\u0434\u0432\u0438\u0436\u0438\u043c\u043e\u0441\u0442\u0438 Property Type ApartmentBungalowCommercial PropertyDetached HouseHotel for SaleLand for SaleOur ProductsVilla Cities \u0412\u0441\u0435 \u0433\u043e\u0440\u043e\u0434\u0430BodrumFethiyeKalkanSeydikemer \u0420\u0430\u0439\u043e\u043d \u0420\u0430\u0439\u043e\u043dCalisCiftlikFaralyaFethiye CenterGocekHisaronuKalamarKayakoyOrtaalanOvacikSovalyeUzumlu \u0421\u043f\u0430\u043b\u044c\u043d\u0438 \u0421\u043f\u0430\u043b\u044c\u043d\u043812345678910Any Min. Price \u041c\u0438\u043d. \u0446\u0435\u043d\u0430Any\u00a31,000\u00a35,000\u00a310,000\u00a350,000\u00a3100,000\u00a3200,000\u00a3300,000\u00a3400,000\u00a3500,000\u00a3600,000\u00a3700,000\u00a3800,000\u00a3900,000\u00a31,000,000\u00a31,500,000\u00a32,000,000\u00a32,500,000 \u041c\u0438\u043d. \u0446\u0435\u043d\u0430Any\u00a3500\u00a31,000\u00a32,000\u00a33,000\u00a34,000\u00a35,000\u00a37,500\u00a310,000\u00a315,000\u00a320,000\u00a325,000\u00a330,000\u00a340,000\u00a350,000\u00a375,000\u00a3100,000 Max. Price \u041c\u0430\u043a\u0441. \u0446\u0435\u043d\u0430Any\u00a35,000\u00a310,000\u00a350,000\u00a3100,000\u00a3200,000\u00a3300,000\u00a3400,000\u00a3500,000\u00a3600,000\u00a3700,000\u00a3800,000\u00a3900,000\u00a31,000,000\u00a31,500,000\u00a32,000,000\u00a32,500,000\u00a35,000,000 \u041c\u0430\u043a\u0441. \u0446\u0435\u043d\u0430Any\u00a31,000\u00a32,000\u00a33,000\u00a34,000\u00a35,000\u00a37,500\u00a310,000\u00a315,000\u00a320,000\u00a325,000\u00a330,000\u00a340,000\u00a350,000\u00a375,000\u00a3100,000\u00a3150,000 \u041f\u043e\u0438\u0441\u043a \u0421\u0430\u043c\u044b\u0435 \u043d\u043e\u0432\u044b\u0435 \u043e\u0431\u044a\u0435\u043a\u0442\u044b \u043d\u0435\u0434\u0432\u0438\u0436\u0438\u043c\u043e\u0441\u0442\u0438 \u041e\u0442\u043a\u0440\u043e\u0439\u0442\u0435 \u0434\u043b\u044f \u0441\u0435\u0431\u044f \u0442\u0449\u0430\u0442\u0435\u043b\u044c\u043d\u043e \u043e\u0442\u043e\u0431\u0440\u0430\u043d\u043d\u0443\u044e \u043f\u043e\u0434\u0431\u043e\u0440\u043a\u0443 \u0432\u0438\u043b\u043b, \u0430\u043f\u0430\u0440\u0442\u0430\u043c\u0435\u043d\u0442\u043e\u0432 \u0438 \u0437\u0435\u043c\u0435\u043b\u044c\u043d\u044b\u0445 \u0443\u0447\u0430\u0441\u0442\u043a\u043e\u0432 \u0432 \u0437\u0430\u0445\u0432\u0430\u0442\u044b\u0432\u0430\u044e\u0449\u0435\u043c \u0434\u0443\u0445 \u0440\u0435\u0433\u0438\u043e\u043d\u0435 \u0424\u0435\u0442\u0445\u0438\u0435 \u043d\u0430 \u044e\u0433\u043e-\u0437\u0430\u043f\u0430\u0434\u043d\u043e\u043c [&hellip;]<\/p>\n","protected":false},"author":1,"featured_media":0,"parent":0,"menu_order":0,"comment_status":"closed","ping_status":"closed","template":"template\/template-search.php","meta":{"footnotes":""},"class_list":["post-7985","page","type-page","status-publish","hentry"],"_links":{"self":[{"href":"https:\/\/www.propertiesturkey.com\/ru\/wp-json\/wp\/v2\/pages\/7985","targetHints":{"allow":["GET"]}}],"collection":[{"href":"https:\/\/www.propertiesturkey.com\/ru\/wp-json\/wp\/v2\/pages"}],"about":[{"href":"https:\/\/www.propertiesturkey.com\/ru\/wp-json\/wp\/v2\/types\/page"}],"author":[{"embeddable":true,"href":"https:\/\/www.propertiesturkey.com\/ru\/wp-json\/wp\/v2\/users\/1"}],"replies":[{"embeddable":true,"href":"https:\/\/www.propertiesturkey.com\/ru\/wp-json\/wp\/v2\/comments?post=7985"}],"version-history":[{"count":10,"href":"https:\/\/www.propertiesturkey.com\/ru\/wp-json\/wp\/v2\/pages\/7985\/revisions"}],"predecessor-version":[{"id":13506,"href":"https:\/\/www.propertiesturkey.com\/ru\/wp-json\/wp\/v2\/pages\/7985\/revisions\/13506"}],"wp:attachment":[{"href":"https:\/\/www.propertiesturkey.com\/ru\/wp-json\/wp\/v2\/media?parent=7985"}],"curies":[{"name":"wp","href":"https:\/\/api.w.org\/{rel}","templated":true}]}}