{"id":8247,"date":"2025-08-11T13:21:44","date_gmt":"2025-08-11T10:21:44","guid":{"rendered":"https:\/\/www.propertiesturkey.com\/about-yesil-uzumlu-real-estate-area-guide\/"},"modified":"2025-10-29T11:46:41","modified_gmt":"2025-10-29T08:46:41","slug":"about-yesil-uzumlu-real-estate-area-guide","status":"publish","type":"page","link":"https:\/\/www.propertiesturkey.com\/ru\/about-yesil-uzumlu-real-estate-area-guide\/","title":{"rendered":"\u041e \u0419\u0435\u0448\u0438\u043b\u044c-\u042e\u0437\u044e\u043c\u043b\u044e"},"content":{"rendered":"\t\t<div data-elementor-type=\"wp-post\" data-elementor-id=\"8247\" class=\"elementor elementor-8247 elementor-3382\">\n\t\t\t\t\t\t<section class=\"elementor-section elementor-top-section elementor-element elementor-element-cc284a1 elementor-section-boxed elementor-section-height-default elementor-section-height-default elementor-invisible\" data-id=\"cc284a1\" data-element_type=\"section\" data-e-type=\"section\" data-settings=\"{&quot;animation&quot;:&quot;fadeIn&quot;,&quot;background_background&quot;:&quot;classic&quot;}\">\n\t\t\t\t\t\t<div class=\"elementor-container elementor-column-gap-default\">\n\t\t\t\t\t<div class=\"elementor-column elementor-col-100 elementor-top-column elementor-element elementor-element-00f0c9e\" data-id=\"00f0c9e\" data-element_type=\"column\" data-e-type=\"column\">\n\t\t\t<div class=\"elementor-widget-wrap elementor-element-populated\">\n\t\t\t\t\t\t<div class=\"elementor-element elementor-element-6901c4e animated-slow elementor-invisible elementor-widget elementor-widget-heading\" data-id=\"6901c4e\" data-element_type=\"widget\" data-e-type=\"widget\" data-settings=\"{&quot;_animation&quot;:&quot;fadeInUp&quot;}\" data-widget_type=\"heading.default\">\n\t\t\t\t<div class=\"elementor-widget-container\">\n\t\t\t\t\t<h2 class=\"elementor-heading-title elementor-size-default\">\u041f\u043e\u0447\u0435\u043c\u0443 \u0441\u0442\u043e\u0438\u0442 \u043a\u0443\u043f\u0438\u0442\u044c \u043d\u0435\u0434\u0432\u0438\u0436\u0438\u043c\u043e\u0441\u0442\u044c \u0432 \u0419\u0435\u0448\u0438\u043b\u044c-\u042e\u0437\u044e\u043c\u043b\u044e?<\/h2>\t\t\t\t<\/div>\n\t\t\t\t<\/div>\n\t\t\t\t<div class=\"elementor-element elementor-element-a31fd8d animated-slow elementor-invisible elementor-widget elementor-widget-text-editor\" data-id=\"a31fd8d\" data-element_type=\"widget\" data-e-type=\"widget\" data-settings=\"{&quot;_animation&quot;:&quot;fadeInUp&quot;,&quot;_animation_delay&quot;:100}\" data-widget_type=\"text-editor.default\">\n\t\t\t\t<div class=\"elementor-widget-container\">\n\t\t\t\t\t\t\t\t\t\u041f\u043e\u0442\u043e\u043c\u0443 \u0447\u0442\u043e \u0437\u0434\u0435\u0441\u044c \u0432\u044b \u043f\u043e\u043a\u0443\u043f\u0430\u0435\u0442\u0435 \u043d\u0435 \u043f\u0440\u043e\u0441\u0442\u043e \u043a\u0438\u0440\u043f\u0438\u0447\u0438 \u0438 \u0440\u0430\u0441\u0442\u0432\u043e\u0440 \u2014 \u0432\u044b \u0438\u043d\u0432\u0435\u0441\u0442\u0438\u0440\u0443\u0435\u0442\u0435 \u0432 <strong>\u043e\u0431\u0440\u0430\u0437 \u0436\u0438\u0437\u043d\u0438, \u043c\u0438\u0440\u043e\u0432\u043e\u0437\u0437\u0440\u0435\u043d\u0438\u0435 \u0438 \u0431\u0443\u0434\u0443\u0449\u0435\u0435<\/strong>.\n\n<ol> <li><strong>\u0421\u043f\u043e\u043a\u043e\u0439\u0441\u0442\u0432\u0438\u0435, \u043f\u0440\u0438\u0432\u0430\u0442\u043d\u043e\u0441\u0442\u044c \u0438 \u043f\u0440\u043e\u0441\u0442\u0440\u0430\u043d\u0441\u0442\u0432\u043e<\/strong><\/li> <\/ol> \u0417\u0430\u0431\u0443\u0434\u044c\u0442\u0435 \u043e \u043f\u0440\u043e\u0431\u043a\u0430\u0445, \u0442\u043e\u043b\u043f\u0430\u0445 \u0438 \u0431\u0435\u0442\u043e\u043d\u0435. \u0412 \u042e\u0437\u044e\u043c\u043b\u044e \u0432\u044b \u043d\u0430\u0439\u0434\u0435\u0442\u0435 \u043f\u0440\u043e\u0441\u0442\u043e\u0440\u043d\u044b\u0435 \u0432\u0438\u043b\u043b\u044b \u0441 \u0447\u0430\u0441\u0442\u043d\u044b\u043c\u0438 \u0431\u0430\u0441\u0441\u0435\u0439\u043d\u0430\u043c\u0438, \u0431\u043e\u043b\u044c\u0448\u0438\u043c\u0438 \u0441\u0430\u0434\u0430\u043c\u0438 \u0438 <strong>\u043d\u0435\u043f\u0440\u0435\u0440\u044b\u0432\u043d\u044b\u043c\u0438 \u0432\u0438\u0434\u0430\u043c\u0438 \u043d\u0430 \u043b\u0435\u0441\u0430 \u0438 \u0433\u043e\u0440\u044b<\/strong>. <ol start=\"2\"> <li><strong>\u0421\u0438\u043b\u044c\u043d\u0430\u044f \u0438\u043d\u0432\u0435\u0441\u0442\u0438\u0446\u0438\u043e\u043d\u043d\u0430\u044f \u0432\u043e\u0437\u043c\u043e\u0436\u043d\u043e\u0441\u0442\u044c<\/strong><\/li> <\/ol> <ul> <li>\u0426\u0435\u043d\u044b \u043d\u0430 \u043d\u0435\u0434\u0432\u0438\u0436\u0438\u043c\u043e\u0441\u0442\u044c \u0432 \u0440\u0435\u0433\u0438\u043e\u043d\u0435 \u0441\u0442\u0430\u0431\u0438\u043b\u044c\u043d\u043e \u0440\u0430\u0441\u0442\u0443\u0442 \u0432 \u043f\u043e\u0441\u043b\u0435\u0434\u043d\u0438\u0435 \u0433\u043e\u0434\u044b \u0431\u043b\u0430\u0433\u043e\u0434\u0430\u0440\u044f \u043f\u043e\u0432\u044b\u0448\u0435\u043d\u043d\u043e\u043c\u0443 \u0441\u043f\u0440\u043e\u0441\u0443 \u0441\u043e \u0441\u0442\u043e\u0440\u043e\u043d\u044b \u043c\u0435\u0441\u0442\u043d\u044b\u0445 \u0436\u0438\u0442\u0435\u043b\u0435\u0439 \u0438 \u0438\u043d\u043e\u0441\u0442\u0440\u0430\u043d\u0446\u0435\u0432.<\/li> <li>\u0423\u043d\u0438\u043a\u0430\u043b\u044c\u043d\u044b\u0435 <strong>\u0434\u043e\u043c\u0430 \u0432 \u0434\u0435\u0440\u0435\u0432\u0435\u043d\u0441\u043a\u043e\u043c \u0441\u0442\u0438\u043b\u0435 \u0438\u0437 \u043a\u0430\u043c\u043d\u044f \u0438 \u044d\u043a\u043e-\u0432\u0438\u043b\u043b\u044b<\/strong> \u043e\u0441\u043e\u0431\u0435\u043d\u043d\u043e \u0432\u043e\u0441\u0442\u0440\u0435\u0431\u043e\u0432\u0430\u043d\u044b \u0438 \u0441\u043e\u0445\u0440\u0430\u043d\u044f\u044e\u0442 \u0441\u0432\u043e\u044e \u0441\u0442\u043e\u0438\u043c\u043e\u0441\u0442\u044c.<\/li> <li>\u042e\u0437\u044e\u043c\u043b\u044e \u043e\u0441\u0442\u0430\u0451\u0442\u0441\u044f \u043e\u0434\u043d\u0438\u043c \u0438\u0437 \u043d\u0435\u043c\u043d\u043e\u0433\u0438\u0445 \u0440\u0435\u0433\u0438\u043e\u043d\u043e\u0432 \u0441 \u043f\u043e\u0442\u0435\u043d\u0446\u0438\u0430\u043b\u043e\u043c \u0440\u043e\u0441\u0442\u0430, \u0447\u0442\u043e \u0434\u0435\u043b\u0430\u0435\u0442 \u0435\u0433\u043e \u0440\u0430\u0437\u0443\u043c\u043d\u043e\u0439 \u0434\u043e\u043b\u0433\u043e\u0441\u0440\u043e\u0447\u043d\u043e\u0439 \u0438\u043d\u0432\u0435\u0441\u0442\u0438\u0446\u0438\u0435\u0439.<\/li> <\/ul> <ol start=\"3\"> <li><strong>\u0416\u0438\u0437\u043d\u044c \u0437\u0434\u0435\u0441\u044c \u043a\u0440\u0443\u0433\u043b\u044b\u0439 \u0433\u043e\u0434<\/strong><\/li> <\/ol> <ol start=\"4\"> <li><strong>\u0416\u0438\u0437\u043d\u044c \u0432 \u0433\u0430\u0440\u043c\u043e\u043d\u0438\u0438 \u0441 \u043f\u0440\u0438\u0440\u043e\u0434\u043e\u0439<\/strong><\/li> <\/ol> <ul> <li>\u0411\u043b\u0438\u0437\u043e\u0441\u0442\u044c \u043a \u0437\u043d\u0430\u043c\u0435\u043d\u0438\u0442\u044b\u043c \u043f\u0435\u0448\u0435\u0445\u043e\u0434\u043d\u044b\u043c \u043c\u0430\u0440\u0448\u0440\u0443\u0442\u0430\u043c \u041b\u0438\u043a\u0438\u0439\u0441\u043a\u043e\u0439 \u0442\u0440\u043e\u043f\u044b \u0438 \u043c\u0430\u0440\u0448\u0440\u0443\u0442\u0430\u043c \u0434\u043b\u044f \u0433\u043e\u0440\u043d\u043e\u0433\u043e \u0432\u0435\u043b\u043e\u0441\u0438\u043f\u0435\u0434\u0430.<\/li> <li>\u0412\u044b \u043c\u043e\u0436\u0435\u0442\u0435 \u0432\u044b\u0440\u0430\u0449\u0438\u0432\u0430\u0442\u044c \u0441\u0432\u043e\u0438 \u043e\u0432\u043e\u0449\u0438, \u0434\u0435\u043b\u0430\u0442\u044c \u0441\u043e\u0431\u0441\u0442\u0432\u0435\u043d\u043d\u043e\u0435 \u0432\u0438\u043d\u043e \u0438 <strong>\u0436\u0438\u0442\u044c \u0432 \u0440\u0438\u0442\u043c\u0435 \u0441 \u0437\u0435\u043c\u043b\u0451\u0439<\/strong>.<\/li> <li>\u0415\u0436\u0435\u043d\u0435\u0434\u0435\u043b\u044c\u043d\u044b\u0435 \u0434\u0435\u0440\u0435\u0432\u0435\u043d\u0441\u043a\u0438\u0435 \u0440\u044b\u043d\u043a\u0438, \u0434\u043e\u043c\u0430\u0448\u043d\u0435\u0435 \u043c\u0435\u0441\u0442\u043d\u043e\u0435 \u0432\u0438\u043d\u043e \u0438 \u0437\u043d\u0430\u043c\u0435\u043d\u0438\u0442\u044b\u0435 \u0433\u0440\u0438\u0431\u044b \u042e\u0437\u044e\u043c\u043b\u044e \u043f\u0440\u0435\u0434\u043b\u0430\u0433\u0430\u044e\u0442 \u043e\u0431\u0440\u0430\u0437 \u0436\u0438\u0437\u043d\u0438, \u043e\u0441\u043d\u043e\u0432\u0430\u043d\u043d\u044b\u0439 \u043d\u0430 \u043a\u0443\u043b\u044c\u0442\u0443\u0440\u0435 \u0438 \u0443\u0441\u0442\u043e\u0439\u0447\u0438\u0432\u043e\u043c \u0440\u0430\u0437\u0432\u0438\u0442\u0438\u0438.<\/li> <\/ul>\t\t\t\t\t\t\t\t<\/div>\n\t\t\t\t<\/div>\n\t\t\t\t<div class=\"elementor-element elementor-element-5b8a71c animated-slow elementor-invisible elementor-widget elementor-widget-heading\" data-id=\"5b8a71c\" data-element_type=\"widget\" data-e-type=\"widget\" data-settings=\"{&quot;_animation&quot;:&quot;fadeInUp&quot;}\" data-widget_type=\"heading.default\">\n\t\t\t\t<div class=\"elementor-widget-container\">\n\t\t\t\t\t<h2 class=\"elementor-heading-title elementor-size-default\">\u0414\u043b\u044f \u043a\u043e\u0433\u043e \u0438\u0434\u0435\u0430\u043b\u044c\u043d\u043e \u043f\u043e\u0434\u0445\u043e\u0434\u0438\u0442 \u0419\u0435\u0448\u0438\u043b\u044c-\u042e\u0437\u044e\u043c\u043b\u044e?<\/h2>\t\t\t\t<\/div>\n\t\t\t\t<\/div>\n\t\t\t\t<div class=\"elementor-element elementor-element-8065d73 animated-slow elementor-invisible elementor-widget elementor-widget-text-editor\" data-id=\"8065d73\" data-element_type=\"widget\" data-e-type=\"widget\" data-settings=\"{&quot;_animation&quot;:&quot;fadeInUp&quot;,&quot;_animation_delay&quot;:100}\" data-widget_type=\"text-editor.default\">\n\t\t\t\t<div class=\"elementor-widget-container\">\n\t\t\t\t\t\t\t\t\t<ul> <li><strong>\u041f\u0435\u043d\u0441\u0438\u043e\u043d\u0435\u0440\u044b, \u0438\u0449\u0443\u0449\u0438\u0435 \u0441\u043f\u043e\u043a\u043e\u0439\u0441\u0442\u0432\u0438\u0435 \u0438 \u0447\u0438\u0441\u0442\u044b\u0439 \u0432\u043e\u0437\u0434\u0443\u0445<\/strong><\/li> <li><strong>\u0421\u0435\u043c\u044c\u0438, \u043a\u043e\u0442\u043e\u0440\u044b\u0435 \u0445\u043e\u0442\u044f\u0442 \u0432\u043e\u0441\u043f\u0438\u0442\u044b\u0432\u0430\u0442\u044c \u0434\u0435\u0442\u0435\u0439 \u0431\u043b\u0438\u0437\u043a\u043e \u043a \u043f\u0440\u0438\u0440\u043e\u0434\u0435<\/strong><\/li> <li><strong>\u0423\u0434\u0430\u043b\u0451\u043d\u043d\u044b\u0435 \u0440\u0430\u0431\u043e\u0442\u043d\u0438\u043a\u0438 \u0438 \u0442\u0432\u043e\u0440\u0447\u0435\u0441\u043a\u0438\u0435 \u043b\u044e\u0434\u0438, \u0438\u0449\u0443\u0449\u0438\u0435 \u0441\u043f\u043e\u043a\u043e\u0439\u0441\u0442\u0432\u0438\u0435 \u0438 \u0432\u0434\u043e\u0445\u043d\u043e\u0432\u0435\u043d\u0438\u0435<\/strong><\/li> <li><strong>\u041f\u043e\u043a\u0443\u043f\u0430\u0442\u0435\u043b\u0438, \u0441\u0442\u0440\u0435\u043c\u044f\u0449\u0438\u0435\u0441\u044f \u043a \u0441\u043e\u0447\u0435\u0442\u0430\u043d\u0438\u044e \u043e\u0431\u0440\u0430\u0437\u0430 \u0436\u0438\u0437\u043d\u0438 \u0438 \u0434\u043e\u043b\u0433\u043e\u0441\u0440\u043e\u0447\u043d\u043e\u0439 \u0446\u0435\u043d\u043d\u043e\u0441\u0442\u0438 \u043d\u0435\u0434\u0432\u0438\u0436\u0438\u043c\u043e\u0441\u0442\u0438<\/strong><\/li> <li><strong>\u0412\u0441\u0435, \u043a\u0442\u043e \u043c\u0435\u0447\u0442\u0430\u0435\u0442 \u043e \u0437\u043d\u0430\u0447\u0438\u043c\u043e\u0439 \u0438 \u043e\u0441\u043e\u0437\u043d\u0430\u043d\u043d\u043e\u0439 \u0436\u0438\u0437\u043d\u0438<\/strong><\/li> <\/ul>\t\t\t\t\t\t\t\t<\/div>\n\t\t\t\t<\/div>\n\t\t\t\t<div class=\"elementor-element elementor-element-572a3d1 animated-slow elementor-invisible elementor-widget elementor-widget-heading\" data-id=\"572a3d1\" data-element_type=\"widget\" data-e-type=\"widget\" data-settings=\"{&quot;_animation&quot;:&quot;fadeInUp&quot;}\" data-widget_type=\"heading.default\">\n\t\t\t\t<div class=\"elementor-widget-container\">\n\t\t\t\t\t<h2 class=\"elementor-heading-title elementor-size-default\">\u041b\u0451\u0433\u043a\u0438\u0439 \u0434\u043e\u0441\u0442\u0443\u043f, \u043d\u0438\u043a\u0430\u043a\u043e\u0439 \u0438\u0437\u043e\u043b\u044f\u0446\u0438\u0438<\/h2>\t\t\t\t<\/div>\n\t\t\t\t<\/div>\n\t\t\t\t<div class=\"elementor-element elementor-element-6e580d3 animated-slow elementor-invisible elementor-widget elementor-widget-text-editor\" data-id=\"6e580d3\" data-element_type=\"widget\" data-e-type=\"widget\" data-settings=\"{&quot;_animation&quot;:&quot;fadeInUp&quot;,&quot;_animation_delay&quot;:100}\" data-widget_type=\"text-editor.default\">\n\t\t\t\t<div class=\"elementor-widget-container\">\n\t\t\t\t\t\t\t\t\t<ul> <li>\u0426\u0435\u043d\u0442\u0440 \u0433\u043e\u0440\u043e\u0434\u0430 \u0424\u0435\u0442\u0445\u0438\u0435: 15\u201320 \u043c\u0438\u043d\u0443\u0442<\/li> <li>\u041f\u043b\u044f\u0436\u0438 \u041e\u043b\u044e\u0434\u0435\u043d\u0438\u0437 \u0438 \u0427\u0430\u043b\u044b\u0448: 30\u201335 \u043c\u0438\u043d\u0443\u0442<\/li> <li>\u041c\u0435\u0436\u0434\u0443\u043d\u0430\u0440\u043e\u0434\u043d\u044b\u0439 \u0430\u044d\u0440\u043e\u043f\u043e\u0440\u0442 \u0414\u0430\u043b\u0430\u043c\u0430\u043d: \u043f\u0440\u0438\u043c\u0435\u0440\u043d\u043e 1 \u0447\u0430\u0441<\/li> <\/ul> \u0425\u043e\u0442\u044f \u042e\u0437\u044e\u043c\u043b\u044e \u043e\u0449\u0443\u0449\u0430\u0435\u0442\u0441\u044f \u043a\u0430\u043a \u0443\u0435\u0434\u0438\u043d\u0451\u043d\u043d\u043e\u0435 \u043c\u0435\u0441\u0442\u043e, \u043e\u043d\u043e \u043d\u0438\u043a\u043e\u0433\u0434\u0430 \u043d\u0435 \u043d\u0430\u0445\u043e\u0434\u0438\u0442\u0441\u044f \u0434\u0430\u043b\u0435\u043a\u043e \u043e\u0442 \u0442\u043e\u0433\u043e, \u0433\u0434\u0435 \u0432\u0430\u043c \u043d\u0443\u0436\u043d\u043e \u0431\u044b\u0442\u044c \u2014 \u0440\u0435\u0434\u043a\u043e\u0435 \u0441\u043e\u0447\u0435\u0442\u0430\u043d\u0438\u0435, \u043a\u043e\u0442\u043e\u0440\u043e\u0435 \u0434\u0435\u043b\u0430\u0435\u0442 <strong>\u0436\u0438\u0437\u043d\u044c \u0437\u0434\u0435\u0441\u044c \u043e\u0434\u043d\u043e\u0432\u0440\u0435\u043c\u0435\u043d\u043d\u043e \u0441\u043f\u043e\u043a\u043e\u0439\u043d\u043e\u0439 \u0438 \u0443\u0434\u043e\u0431\u043d\u043e\u0439<\/strong>.\t\t\t\t\t\t\t\t<\/div>\n\t\t\t\t<\/div>\n\t\t\t\t<div class=\"elementor-element elementor-element-62eb937 animated-slow elementor-invisible elementor-widget elementor-widget-heading\" data-id=\"62eb937\" data-element_type=\"widget\" data-e-type=\"widget\" data-settings=\"{&quot;_animation&quot;:&quot;fadeInUp&quot;}\" data-widget_type=\"heading.default\">\n\t\t\t\t<div class=\"elementor-widget-container\">\n\t\t\t\t\t<h2 class=\"elementor-heading-title elementor-size-default\">\u0418\u0442\u043e\u0433\u043e\u0432\u044b\u0435 \u043c\u044b\u0441\u043b\u0438: \u0434\u043e\u043c, \u043d\u043e \u0442\u0430\u043a\u0436\u0435 \u0438 \u0444\u0438\u043b\u043e\u0441\u043e\u0444\u0438\u044f<\/h2>\t\t\t\t<\/div>\n\t\t\t\t<\/div>\n\t\t\t\t<div class=\"elementor-element elementor-element-e80275f animated-slow elementor-invisible elementor-widget elementor-widget-text-editor\" data-id=\"e80275f\" data-element_type=\"widget\" data-e-type=\"widget\" data-settings=\"{&quot;_animation&quot;:&quot;fadeInUp&quot;,&quot;_animation_delay&quot;:100}\" data-widget_type=\"text-editor.default\">\n\t\t\t\t<div class=\"elementor-widget-container\">\n\t\t\t\t\t\t\t\t\t\u0418\u0442\u0430\u043a, \u0435\u0441\u043b\u0438 \u0432\u044b \u0438\u0449\u0435\u0442\u0435:\n\n<ul> <li>\u0421\u0431\u0435\u0436\u0430\u0442\u044c \u043e\u0442 \u0445\u0430\u043e\u0441\u0430, \u043d\u0435 \u043e\u0442\u043a\u0430\u0437\u044b\u0432\u0430\u044f\u0441\u044c \u043e\u0442 \u0443\u0434\u043e\u0431\u0441\u0442\u0432,<\/li> <li>\u041d\u0430\u0439\u0442\u0438 \u0434\u043e\u043c, \u0433\u0434\u0435 \u043c\u043e\u0436\u043d\u043e \u0440\u0430\u0437\u0432\u0438\u0432\u0430\u0442\u044c\u0441\u044f, \u043e\u0442\u0434\u044b\u0445\u0430\u0442\u044c \u0438 \u0442\u0432\u043e\u0440\u0438\u0442\u044c,<\/li> <li>\u0418\u043d\u0432\u0435\u0441\u0442\u0438\u0440\u043e\u0432\u0430\u0442\u044c \u0432 \u0431\u0443\u0434\u0443\u0449\u0435\u0435, \u043a\u043e\u0442\u043e\u0440\u043e\u0435 \u043f\u0438\u0442\u0430\u0435\u0442 \u0438 \u0432\u0430\u0448\u0438 \u0444\u0438\u043d\u0430\u043d\u0441\u044b, \u0438 \u0432\u0430\u0448\u0435 \u0431\u043b\u0430\u0433\u043e\u043f\u043e\u043b\u0443\u0447\u0438\u0435&#8230;<\/li> <\/ul> \u0422\u043e <strong>\u0434\u043e\u043c \u0432 \u0419\u0435\u0448\u0438\u043b\u044c-\u042e\u0437\u044e\u043c\u043b\u044e \u043c\u043e\u0436\u0435\u0442 \u0431\u044b\u0442\u044c \u0438\u043c\u0435\u043d\u043d\u043e \u0442\u0435\u043c, \u0447\u0442\u043e \u0432\u044b \u0438\u0441\u043a\u0430\u043b\u0438<\/strong>.\t\t\t\t\t\t\t\t<\/div>\n\t\t\t\t<\/div>\n\t\t\t\t<div class=\"elementor-element elementor-element-ba482c5 gallery-spacing-custom animated-slow elementor-invisible elementor-widget elementor-widget-image-gallery\" data-id=\"ba482c5\" data-element_type=\"widget\" data-e-type=\"widget\" data-settings=\"{&quot;_animation&quot;:&quot;fadeInUp&quot;}\" data-widget_type=\"image-gallery.default\">\n\t\t\t\t<div class=\"elementor-widget-container\">\n\t\t\t\t\t\t\t<div class=\"elementor-image-gallery\">\n\t\t\t<div id='gallery-1' class='gallery galleryid-8247 gallery-columns-3 gallery-size-full'><figure class='gallery-item'>\n\t\t\t<div class='gallery-icon landscape'>\n\t\t\t\t<a data-elementor-open-lightbox=\"yes\" data-elementor-lightbox-slideshow=\"ba482c5\" data-elementor-lightbox-title=\"\u00fcz\u00fcml\u00fc-1\" data-e-action-hash=\"#elementor-action%3Aaction%3Dlightbox%26settings%3DeyJpZCI6MzYzNSwidXJsIjoiaHR0cHM6XC9cL3d3dy5wcm9wZXJ0aWVzdHVya2V5LmNvbVwvd3AtY29udGVudFwvdXBsb2Fkc1wvMjAyNVwvMDhcL3V6dW1sdS0xLmpwZyIsInNsaWRlc2hvdyI6ImJhNDgyYzUifQ%3D%3D\" href='https:\/\/www.propertiesturkey.com\/wp-content\/uploads\/2025\/08\/uzumlu-1.jpg'><img fetchpriority=\"high\" decoding=\"async\" width=\"1200\" height=\"800\" src=\"https:\/\/www.propertiesturkey.com\/wp-content\/uploads\/2025\/08\/uzumlu-1.jpg\" class=\"attachment-full size-full\" alt=\"\" srcset=\"\" \/><\/a>\n\t\t\t<\/div><\/figure><figure class='gallery-item'>\n\t\t\t<div class='gallery-icon landscape'>\n\t\t\t\t<a data-elementor-open-lightbox=\"yes\" data-elementor-lightbox-slideshow=\"ba482c5\" data-elementor-lightbox-title=\"\u00fcz\u00fcml\u00fc-2\" data-e-action-hash=\"#elementor-action%3Aaction%3Dlightbox%26settings%3DeyJpZCI6MzYzOCwidXJsIjoiaHR0cHM6XC9cL3d3dy5wcm9wZXJ0aWVzdHVya2V5LmNvbVwvd3AtY29udGVudFwvdXBsb2Fkc1wvMjAyNVwvMDhcL3V6dW1sdS0yLmpwZyIsInNsaWRlc2hvdyI6ImJhNDgyYzUifQ%3D%3D\" href='https:\/\/www.propertiesturkey.com\/wp-content\/uploads\/2025\/08\/uzumlu-2.jpg'><img decoding=\"async\" width=\"1200\" height=\"800\" src=\"https:\/\/www.propertiesturkey.com\/wp-content\/uploads\/2025\/08\/uzumlu-2.jpg\" class=\"attachment-full size-full\" alt=\"\" srcset=\"\" \/><\/a>\n\t\t\t<\/div><\/figure><figure class='gallery-item'>\n\t\t\t<div class='gallery-icon landscape'>\n\t\t\t\t<a data-elementor-open-lightbox=\"yes\" data-elementor-lightbox-slideshow=\"ba482c5\" data-elementor-lightbox-title=\"\u00fcz\u00fcml\u00fc-3\" data-e-action-hash=\"#elementor-action%3Aaction%3Dlightbox%26settings%3DeyJpZCI6MzY0MSwidXJsIjoiaHR0cHM6XC9cL3d3dy5wcm9wZXJ0aWVzdHVya2V5LmNvbVwvd3AtY29udGVudFwvdXBsb2Fkc1wvMjAyNVwvMDhcL3V6dW1sdS0zLmpwZyIsInNsaWRlc2hvdyI6ImJhNDgyYzUifQ%3D%3D\" href='https:\/\/www.propertiesturkey.com\/wp-content\/uploads\/2025\/08\/uzumlu-3.jpg'><img decoding=\"async\" width=\"1200\" height=\"800\" src=\"https:\/\/www.propertiesturkey.com\/wp-content\/uploads\/2025\/08\/uzumlu-3.jpg\" class=\"attachment-full size-full\" alt=\"\" srcset=\"\" \/><\/a>\n\t\t\t<\/div><\/figure>\n\t\t<\/div>\n\t\t<\/div>\n\t\t\t\t\t\t<\/div>\n\t\t\t\t<\/div>\n\t\t\t\t\t<\/div>\n\t\t<\/div>\n\t\t\t\t\t<\/div>\n\t\t<\/section>\n\t\t\t\t<\/div>\n\t\t","protected":false},"excerpt":{"rendered":"<p>\u041f\u043e\u0447\u0435\u043c\u0443 \u0441\u0442\u043e\u0438\u0442 \u043a\u0443\u043f\u0438\u0442\u044c \u043d\u0435\u0434\u0432\u0438\u0436\u0438\u043c\u043e\u0441\u0442\u044c \u0432 \u0419\u0435\u0448\u0438\u043b\u044c-\u042e\u0437\u044e\u043c\u043b\u044e? \u041f\u043e\u0442\u043e\u043c\u0443 \u0447\u0442\u043e \u0437\u0434\u0435\u0441\u044c \u0432\u044b \u043f\u043e\u043a\u0443\u043f\u0430\u0435\u0442\u0435 \u043d\u0435 \u043f\u0440\u043e\u0441\u0442\u043e \u043a\u0438\u0440\u043f\u0438\u0447\u0438 \u0438 \u0440\u0430\u0441\u0442\u0432\u043e\u0440 \u2014 \u0432\u044b \u0438\u043d\u0432\u0435\u0441\u0442\u0438\u0440\u0443\u0435\u0442\u0435 \u0432 \u043e\u0431\u0440\u0430\u0437 \u0436\u0438\u0437\u043d\u0438, \u043c\u0438\u0440\u043e\u0432\u043e\u0437\u0437\u0440\u0435\u043d\u0438\u0435 \u0438 \u0431\u0443\u0434\u0443\u0449\u0435\u0435. \u0421\u043f\u043e\u043a\u043e\u0439\u0441\u0442\u0432\u0438\u0435, \u043f\u0440\u0438\u0432\u0430\u0442\u043d\u043e\u0441\u0442\u044c \u0438 \u043f\u0440\u043e\u0441\u0442\u0440\u0430\u043d\u0441\u0442\u0432\u043e \u0417\u0430\u0431\u0443\u0434\u044c\u0442\u0435 \u043e \u043f\u0440\u043e\u0431\u043a\u0430\u0445, \u0442\u043e\u043b\u043f\u0430\u0445 \u0438 \u0431\u0435\u0442\u043e\u043d\u0435. \u0412 \u042e\u0437\u044e\u043c\u043b\u044e \u0432\u044b \u043d\u0430\u0439\u0434\u0435\u0442\u0435 \u043f\u0440\u043e\u0441\u0442\u043e\u0440\u043d\u044b\u0435 \u0432\u0438\u043b\u043b\u044b \u0441 \u0447\u0430\u0441\u0442\u043d\u044b\u043c\u0438 \u0431\u0430\u0441\u0441\u0435\u0439\u043d\u0430\u043c\u0438, \u0431\u043e\u043b\u044c\u0448\u0438\u043c\u0438 \u0441\u0430\u0434\u0430\u043c\u0438 \u0438 \u043d\u0435\u043f\u0440\u0435\u0440\u044b\u0432\u043d\u044b\u043c\u0438 \u0432\u0438\u0434\u0430\u043c\u0438 \u043d\u0430 \u043b\u0435\u0441\u0430 \u0438 \u0433\u043e\u0440\u044b. \u0421\u0438\u043b\u044c\u043d\u0430\u044f \u0438\u043d\u0432\u0435\u0441\u0442\u0438\u0446\u0438\u043e\u043d\u043d\u0430\u044f [&hellip;]<\/p>\n","protected":false},"author":1,"featured_media":0,"parent":0,"menu_order":0,"comment_status":"closed","ping_status":"closed","template":"template\/template-page.php","meta":{"footnotes":""},"class_list":["post-8247","page","type-page","status-publish","hentry"],"_links":{"self":[{"href":"https:\/\/www.propertiesturkey.com\/ru\/wp-json\/wp\/v2\/pages\/8247","targetHints":{"allow":["GET"]}}],"collection":[{"href":"https:\/\/www.propertiesturkey.com\/ru\/wp-json\/wp\/v2\/pages"}],"about":[{"href":"https:\/\/www.propertiesturkey.com\/ru\/wp-json\/wp\/v2\/types\/page"}],"author":[{"embeddable":true,"href":"https:\/\/www.propertiesturkey.com\/ru\/wp-json\/wp\/v2\/users\/1"}],"replies":[{"embeddable":true,"href":"https:\/\/www.propertiesturkey.com\/ru\/wp-json\/wp\/v2\/comments?post=8247"}],"version-history":[{"count":5,"href":"https:\/\/www.propertiesturkey.com\/ru\/wp-json\/wp\/v2\/pages\/8247\/revisions"}],"predecessor-version":[{"id":8282,"href":"https:\/\/www.propertiesturkey.com\/ru\/wp-json\/wp\/v2\/pages\/8247\/revisions\/8282"}],"wp:attachment":[{"href":"https:\/\/www.propertiesturkey.com\/ru\/wp-json\/wp\/v2\/media?parent=8247"}],"curies":[{"name":"wp","href":"https:\/\/api.w.org\/{rel}","templated":true}]}}