{"id":7986,"date":"2016-10-10T20:17:42","date_gmt":"2016-10-10T17:17:42","guid":{"rendered":"https:\/\/www.propertiesturkey.com\/search-results\/"},"modified":"2025-11-18T13:57:35","modified_gmt":"2025-11-18T10:57:35","slug":"search-results","status":"publish","type":"page","link":"https:\/\/www.propertiesturkey.com\/tr\/search-results\/","title":{"rendered":"Emlak Portf\u00f6y\u00fcm\u00fcz"},"content":{"rendered":"\t\t<div data-elementor-type=\"wp-page\" data-elementor-id=\"7986\" class=\"elementor elementor-7986 elementor-2317\">\n\t\t\t\t<div class=\"elementor-element elementor-element-e8404f8 e-flex e-con-boxed e-con e-parent\" data-id=\"e8404f8\" data-element_type=\"container\" data-e-type=\"container\" data-settings=\"{&quot;background_background&quot;:&quot;gradient&quot;}\">\n\t\t\t\t\t<div class=\"e-con-inner\">\n\t\t\t\t<div class=\"elementor-element elementor-element-149b437 elementor-button-align-center elementor-widget elementor-widget-houzez_elementor_search_builder\" data-id=\"149b437\" data-element_type=\"widget\" data-e-type=\"widget\" data-widget_type=\"houzez_elementor_search_builder.default\">\n\t\t\t\t<div class=\"elementor-widget-container\">\n\t\t\t\t\t\n        <form class=\"houzez-search-form-js houzez-search-builder-form-js\" id=\"houzez-search-149b437\" method=\"get\" action=\"https:\/\/www.propertiesturkey.com\/tr\/search-results\/\" >\n\n            \n            <div class=\"houzez-search-builder-wrapper\">\n\n                <div class=\"houzez-ele-search-form-wrapper elementor-form-fields-wrapper elementor-labels-above\">\n\n                                            <div class=\"elementor-field-group elementor-column form-group elementor-field-group-field-property_id elementor-col-14\">\n                    <label for=\"form-field-field-property_id\" class=\"elementor-field-label elementor-screen-only\">Property ID<\/label><input type=\"text\" size=\"1\" name=\"property_id\" id=\"form-field-field-property_id\" value=\"\" class=\"elementor-field form-control elementor-size-sm elementor-field-textual\" placeholder=\"Emlak No\">                    <\/div>\n                                <div class=\"elementor-field-group elementor-column form-group elementor-field-group-field-types elementor-col-14 elementor-sm-100\">\n                    <label for=\"form-field-field-types\" class=\"elementor-field-label elementor-screen-only\">Emlak Tipi<\/label>        <div class=\"elementor-field elementor-select-wrapper\">\n            <select multiple=\"multiple\" title=\"Emlak Tipi\" data-selected-text-format=\"count &gt; 1\" data-select-all-text=\"Select All\" data-deselect-all-text=\"Deselect All\" data-actions-box=\"true\" data-count-selected-text=\"{0} types selected\" data-size=\"5\" name=\"type[]\" id=\"form-field-field-types\" class=\"selectpicker bs-select-hidden houzez-field-textual form-control elementor-size-sm \" data-none-results-text=\"No results matched {0}\">\n                <option data-ref=\"bungalov\"   value=\"bungalov\">Bungalov<\/option><option data-ref=\"daire\"   value=\"daire\">Daire<\/option><option data-ref=\"mustakil-ev\"   value=\"mustakil-ev\">M\u00fcstakil Ev<\/option><option data-ref=\"satilik-arsa\"   value=\"satilik-arsa\">Sat\u0131l\u0131k Arsa<\/option><option data-ref=\"satilik-otel\"   value=\"satilik-otel\">Sat\u0131l\u0131k Otel<\/option><option data-ref=\"ticari-mulk\"   value=\"ticari-mulk\">Ticari M\u00fclk<\/option><option data-ref=\"urunlerimiz\"   value=\"urunlerimiz\">\u00dcr\u00fcnlerimiz<\/option><option data-ref=\"villa-tr\"   value=\"villa-tr\">Villa<\/option>            <\/select>\n        <\/div>\n                            <\/div>\n                                <div class=\"elementor-field-group elementor-column form-group elementor-field-group-field-cities elementor-col-14\">\n                    <label for=\"form-field-field-cities\" class=\"elementor-field-label elementor-screen-only\">\u015eehir<\/label>        <div class=\"elementor-field elementor-select-wrapper\">\n            <select data-size=\"5\" name=\"location[]\" id=\"form-field-field-cities\" class=\"selectpicker bs-select-hidden houzez-field-textual form-control elementor-size-sm houzezSelectFilter houzezCityFilter houzezThirdList houzez-city-js\" data-none-results-text=\"No results matched {0}\" data-target=\"houzezFourthList\">\n                <option value=\"\">T\u00fcm \u015eehirler<\/option><option data-ref=\"antalya-tr\" data-belong=\"\" data-subtext=\"\" value=\"antalya-tr\">Antalya<\/option><option data-ref=\"bodrum-tr\" data-belong=\"\" data-subtext=\"\" value=\"bodrum-tr\">Bodrum<\/option><option data-ref=\"fethiye-tr\" data-belong=\"\" data-subtext=\"\" value=\"fethiye-tr\">Fethiye<\/option><option data-ref=\"kalkan-tr\" data-belong=\"\" data-subtext=\"\" value=\"kalkan-tr\">Kalkan<\/option><option data-ref=\"kas-tr\" data-belong=\"\" data-subtext=\"\" value=\"kas-tr\">Ka\u015f<\/option><option data-ref=\"seydikemer\" data-belong=\"\" data-subtext=\"\" value=\"seydikemer\">Seydikemer<\/option>            <\/select>\n        <\/div>\n                            <\/div>\n                                <div class=\"elementor-field-group elementor-column form-group elementor-field-group-a7f6310 elementor-col-14\">\n                    <label for=\"form-field-a7f6310\" class=\"elementor-field-label elementor-screen-only\">B\u00f6lge<\/label>        <div class=\"elementor-field elementor-select-wrapper\">\n            <select data-size=\"5\" name=\"areas[]\" id=\"form-field-a7f6310\" class=\"selectpicker bs-select-hidden houzez-field-textual form-control elementor-size-sm houzezSelectFilter houzezFourthList\" data-none-results-text=\"No results matched {0}\">\n                <option value=\"\">B\u00f6lge<\/option><option data-ref=\"calis-tr\" data-belong=\"fethiye-tr\" data-subtext=\"Fethiye\" value=\"calis-tr\">\u00c7al\u0131\u015f<\/option><option data-ref=\"ciftlik\" data-belong=\"fethiye-tr\" data-subtext=\"Fethiye\" value=\"ciftlik\">Ciftlik<\/option><option data-ref=\"doger\" data-belong=\"seydikemer\" data-subtext=\"Seydikemer\" value=\"doger\">D\u00f6\u011fer<\/option><option data-ref=\"faralya-tr\" data-belong=\"fethiye-tr\" data-subtext=\"Fethiye\" value=\"faralya-tr\">Faralya<\/option><option data-ref=\"fethiye-merkez\" data-belong=\"fethiye-tr\" data-subtext=\"Fethiye\" value=\"fethiye-merkez\">Fethiye Merkez<\/option><option data-ref=\"gerisburnu\" data-belong=\"seydikemer\" data-subtext=\"Seydikemer\" value=\"gerisburnu\">Geri\u015fburnu<\/option><option data-ref=\"gocek\" data-belong=\"fethiye-tr\" data-subtext=\"Fethiye\" value=\"gocek\">Gocek<\/option><option data-ref=\"hisaronu\" data-belong=\"fethiye-tr\" data-subtext=\"Fethiye\" value=\"hisaronu\">Hisaronu<\/option><option data-ref=\"islamlar-tr\" data-belong=\"kalkan-tr\" data-subtext=\"Kalkan\" value=\"islamlar-tr\">\u0130slamlar<\/option><option data-ref=\"kadikoy\" data-belong=\"seydikemer\" data-subtext=\"Seydikemer\" value=\"kadikoy\">Kad\u0131k\u00f6y<\/option><option data-ref=\"kalamar\" data-belong=\"\" data-subtext=\"\" value=\"kalamar\">Kalamar<\/option><option data-ref=\"kayakoy\" data-belong=\"fethiye-tr\" data-subtext=\"Fethiye\" value=\"kayakoy\">Kayakoy<\/option><option data-ref=\"kiziltas\" data-belong=\"\" data-subtext=\"\" value=\"kiziltas\">K\u0131z\u0131lta\u015f<\/option><option data-ref=\"konyaalti-tr\" data-belong=\"antalya-tr\" data-subtext=\"Antalya\" value=\"konyaalti-tr\">Konyaalt\u0131<\/option><option data-ref=\"lara-tr\" data-belong=\"antalya-tr\" data-subtext=\"Antalya\" value=\"lara-tr\">Lara<\/option><option data-ref=\"ortaalan\" data-belong=\"\" data-subtext=\"\" value=\"ortaalan\">Ortaalan<\/option><option data-ref=\"ovacik-tr\" data-belong=\"fethiye-tr\" data-subtext=\"Fethiye\" value=\"ovacik-tr\">Ovac\u0131k<\/option><option data-ref=\"sovalye\" data-belong=\"fethiye-tr\" data-subtext=\"Fethiye\" value=\"sovalye\">Sovalye<\/option><option data-ref=\"uzumlu\" data-belong=\"fethiye-tr\" data-subtext=\"Fethiye\" value=\"uzumlu\">Uzumlu<\/option>            <\/select>\n        <\/div>\n                            <\/div>\n                                <div class=\"elementor-field-group elementor-column form-group elementor-field-group-dcb36ce elementor-col-14\">\n                    <label for=\"form-field-dcb36ce\" class=\"elementor-field-label elementor-screen-only\">Yatak Odas\u0131<\/label>        <div class=\"elementor-field elementor-select-wrapper\">\n            <select data-size=\"5\" name=\"bedrooms\" id=\"form-field-dcb36ce\" class=\"selectpicker bs-select-hidden houzez-field-textual form-control elementor-size-sm\">\n                <option value=\"\">Yatak Odas\u0131<\/option><option value=\"1\">1<\/option><option value=\"2\">2<\/option><option value=\"3\">3<\/option><option value=\"4\">4<\/option><option value=\"5\">5<\/option><option value=\"6\">6<\/option><option value=\"7\">7<\/option><option value=\"8\">8<\/option><option value=\"9\">9<\/option><option value=\"10\">10<\/option><option value=\"any\">Any<\/option>            <\/select>\n        <\/div>\n                            <\/div>\n                                <div class=\"elementor-field-group elementor-column form-group elementor-field-group-field-min-price elementor-col-14 elementor-sm-50\">\n                    <label for=\"form-field-field-min-price\" class=\"elementor-field-label elementor-screen-only\">Min. Fiyat<\/label>            <div class=\"prices-for-all elementor-field elementor-select-wrapper\">\n                <select data-live-search=\"true\" data-live-search-normalize=\"true\" data-size=\"5\" name=\"min-price\" id=\"form-field-field-min-price\" class=\"selectpicker bs-select-hidden houzez-field-textual form-control elementor-size-sm\">\n                    <option value=\"\">Min. Fiyat<\/option><option value=\"any\">Any<\/option><option value=\"1000\">\u00a31,000<\/option><option value=\"5000\">\u00a35,000<\/option><option value=\"10000\">\u00a310,000<\/option><option value=\"50000\">\u00a350,000<\/option><option value=\"100000\">\u00a3100,000<\/option><option value=\"200000\">\u00a3200,000<\/option><option value=\"300000\">\u00a3300,000<\/option><option value=\"400000\">\u00a3400,000<\/option><option value=\"500000\">\u00a3500,000<\/option><option value=\"600000\">\u00a3600,000<\/option><option value=\"700000\">\u00a3700,000<\/option><option value=\"800000\">\u00a3800,000<\/option><option value=\"900000\">\u00a3900,000<\/option><option value=\"1000000\">\u00a31,000,000<\/option><option value=\"1500000\">\u00a31,500,000<\/option><option value=\"2000000\">\u00a32,000,000<\/option><option value=\"2500000\">\u00a32,500,000<\/option>\n                <\/select><!-- selectpicker -->\n            <\/div><!-- form-group -->\n\n            <div class=\"hide prices-only-for-rent elementor-field elementor-select-wrapper\">\n                <select data-live-search=\"true\" data-live-search-normalize=\"true\" data-size=\"5\" name=\"min-price\" id=\"form-field-field-min-price\" class=\"selectpicker bs-select-hidden houzez-field-textual form-control elementor-size-sm\">\n                    <option value=\"\">Min. Fiyat<\/option><option value=\"any\">Any<\/option><option value=\"500\">\u00a3500<\/option><option value=\"1000\">\u00a31,000<\/option><option value=\"2000\">\u00a32,000<\/option><option value=\"3000\">\u00a33,000<\/option><option value=\"4000\">\u00a34,000<\/option><option value=\"5000\">\u00a35,000<\/option><option value=\"7500\">\u00a37,500<\/option><option value=\"10000\">\u00a310,000<\/option><option value=\"15000\">\u00a315,000<\/option><option value=\"20000\">\u00a320,000<\/option><option value=\"25000\">\u00a325,000<\/option><option value=\"30000\">\u00a330,000<\/option><option value=\"40000\">\u00a340,000<\/option><option value=\"50000\">\u00a350,000<\/option><option value=\"75000\">\u00a375,000<\/option><option value=\"100000\">\u00a3100,000<\/option>\n                <\/select><!-- selectpicker -->\n            <\/div><!-- form-group -->\n\n                            <\/div>\n                                <div class=\"elementor-field-group elementor-column form-group elementor-field-group-field-max-price elementor-col-14 elementor-sm-50\">\n                    <label for=\"form-field-field-max-price\" class=\"elementor-field-label elementor-screen-only\">Max. Fiyat<\/label>        <div class=\"prices-for-all elementor-field elementor-select-wrapper\">\n            <select data-size=\"5\" name=\"max-price\" id=\"form-field-field-max-price\" data-live-search=\"true\" data-live-search-normalize=\"true\" class=\"selectpicker bs-select-hidden houzez-field-textual form-control elementor-size-sm\">\n                <option value=\"\">Max. Fiyat<\/option><option value=\"any\">Any<\/option><option value=\"5000\">\u00a35,000<\/option><option value=\"10000\">\u00a310,000<\/option><option value=\"50000\">\u00a350,000<\/option><option value=\"100000\">\u00a3100,000<\/option><option value=\"200000\">\u00a3200,000<\/option><option value=\"300000\">\u00a3300,000<\/option><option value=\"400000\">\u00a3400,000<\/option><option value=\"500000\">\u00a3500,000<\/option><option value=\"600000\">\u00a3600,000<\/option><option value=\"700000\">\u00a3700,000<\/option><option value=\"800000\">\u00a3800,000<\/option><option value=\"900000\">\u00a3900,000<\/option><option value=\"1000000\">\u00a31,000,000<\/option><option value=\"1500000\">\u00a31,500,000<\/option><option value=\"2000000\">\u00a32,000,000<\/option><option value=\"2500000\">\u00a32,500,000<\/option><option value=\"5000000\">\u00a35,000,000<\/option>\n            <\/select><!-- selectpicker -->\n        <\/div><!-- form-group -->\n\n        <div class=\"hide prices-only-for-rent elementor-field elementor-select-wrapper\">\n            <select data-size=\"5\" name=\"max-price\" id=\"form-field-field-max-price\" data-live-search=\"true\" data-live-search-normalize=\"true\" class=\"selectpicker bs-select-hidden houzez-field-textual form-control elementor-size-sm\">\n                <option value=\"\">Max. Fiyat<\/option><option value=\"any\">Any<\/option><option value=\"1000\">\u00a31,000<\/option><option value=\"2000\">\u00a32,000<\/option><option value=\"3000\">\u00a33,000<\/option><option value=\"4000\">\u00a34,000<\/option><option value=\"5000\">\u00a35,000<\/option><option value=\"7500\">\u00a37,500<\/option><option value=\"10000\">\u00a310,000<\/option><option value=\"15000\">\u00a315,000<\/option><option value=\"20000\">\u00a320,000<\/option><option value=\"25000\">\u00a325,000<\/option><option value=\"30000\">\u00a330,000<\/option><option value=\"40000\">\u00a340,000<\/option><option value=\"50000\">\u00a350,000<\/option><option value=\"75000\">\u00a375,000<\/option><option value=\"100000\">\u00a3100,000<\/option><option value=\"150000\">\u00a3150,000<\/option>\n            <\/select><!-- selectpicker -->\n        <\/div><!-- form-group -->\n                            <\/div>\n                                    <div class=\"elementor-field-group elementor-column elementor-field-type-submit elementor-col-100\">\n                                <button type=\"submit\" class=\"houzez-search-button btn-primary elementor-button elementor-size-sm\">\n                                                                            Ara                                                                    <\/button>\n                            <\/div>\n                            \n                <\/div><!-- End main wrapper-->\n\n                            <\/div> <!-- End houzez-search-builder-wrapper -->\n        <\/form>\n\n        \t\t\t\t<\/div>\n\t\t\t\t<\/div>\n\t\t\t\t\t<\/div>\n\t\t\t\t<\/div>\n\t\t<div class=\"elementor-element elementor-element-bd67763 e-flex e-con-boxed e-con e-parent\" data-id=\"bd67763\" data-element_type=\"container\" data-e-type=\"container\">\n\t\t\t\t\t<div class=\"e-con-inner\">\n\t\t\t\t<div class=\"elementor-element elementor-element-4a49faa elementor-widget elementor-widget-houzez_elementor_section_title\" data-id=\"4a49faa\" data-element_type=\"widget\" data-e-type=\"widget\" data-widget_type=\"houzez_elementor_section_title.default\">\n\t\t\t\t<div class=\"elementor-widget-container\">\n\t\t\t\t\t            <div class=\"houzez_section_title_wrap section-title-module\">\n                                    <h2 class=\"houzez_section_title\">G\u00fcncel \u0130lanlar\u0131m\u0131z\u0131 G\u00f6r\u00fcn<\/h2>\n                \n                            <\/div>\n            \t\t\t\t<\/div>\n\t\t\t\t<\/div>\n\t\t\t\t<div class=\"elementor-element elementor-element-0432b3b elementor-widget elementor-widget-text-editor\" data-id=\"0432b3b\" data-element_type=\"widget\" data-e-type=\"widget\" data-widget_type=\"text-editor.default\">\n\t\t\t\t<div class=\"elementor-widget-container\">\n\t\t\t\t\t\t\t\t\tT\u00fcrkiye&#8217;nin g\u00fcneybat\u0131 k\u0131y\u0131s\u0131ndaki <strong>muhte\u015fem Fethiye<\/strong> b\u00f6lgesinde, <strong>\u00f6zenle se\u00e7ilmi\u015f villa, daire ve arsa<\/strong> portf\u00f6y\u00fcm\u00fcz\u00fc ke\u015ffedin. \u0130ster bir <strong>tatil evi<\/strong>, ister <strong>karl\u0131 bir yat\u0131r\u0131m<\/strong> aray\u0131n, ister <strong>T\u00fcrk vatanda\u015fl\u0131\u011f\u0131 veya ikamet izni<\/strong> i\u00e7in uygun bir m\u00fclk ar\u0131yor olun, ilanlar\u0131m\u0131z ihtiya\u00e7lar\u0131n\u0131z\u0131 kar\u015f\u0131layacak <strong>\u00e7e\u015fitli se\u00e7enekler<\/strong> sunar. <strong>Her m\u00fclk, g\u00fcvenli ve sorunsuz<\/strong> bir al\u0131m s\u00fcreci i\u00e7in <strong>detayl\u0131 bilgilerle<\/strong> sunulmu\u015f ve <strong>do\u011frulanm\u0131\u015ft\u0131r<\/strong>. Hemen <strong>ke\u015ffe ba\u015flay\u0131n<\/strong> ve <a href=\"https:\/\/propertiesturkey.com\/\">PropertiesTurkey.com<\/a> ile <strong>m\u00fckemmel m\u00fclk\u00fcn\u00fcz\u00fc<\/strong> bulun.\t\t\t\t\t\t\t\t<\/div>\n\t\t\t\t<\/div>\n\t\t\t\t\t<\/div>\n\t\t\t\t<\/div>\n\t\t\t\t<\/div>\n\t\t","protected":false},"excerpt":{"rendered":"<p>Property ID Emlak Tipi ApartmentBungalowCommercial PropertyDetached HouseHotel for SaleLand for SaleOur ProductsVilla \u015eehir T\u00fcm \u015eehirlerBodrumFethiyeKalkanSeydikemer B\u00f6lge B\u00f6lgeCalisCiftlikFaralyaFethiye CenterGocekHisaronuKalamarKayakoyOrtaalanOvacikSovalyeUzumlu Yatak Odas\u0131 Yatak Odas\u013112345678910Any Min. Fiyat Min. FiyatAny\u00a31,000\u00a35,000\u00a310,000\u00a350,000\u00a3100,000\u00a3200,000\u00a3300,000\u00a3400,000\u00a3500,000\u00a3600,000\u00a3700,000\u00a3800,000\u00a3900,000\u00a31,000,000\u00a31,500,000\u00a32,000,000\u00a32,500,000 Min. FiyatAny\u00a3500\u00a31,000\u00a32,000\u00a33,000\u00a34,000\u00a35,000\u00a37,500\u00a310,000\u00a315,000\u00a320,000\u00a325,000\u00a330,000\u00a340,000\u00a350,000\u00a375,000\u00a3100,000 Max. Fiyat Max. FiyatAny\u00a35,000\u00a310,000\u00a350,000\u00a3100,000\u00a3200,000\u00a3300,000\u00a3400,000\u00a3500,000\u00a3600,000\u00a3700,000\u00a3800,000\u00a3900,000\u00a31,000,000\u00a31,500,000\u00a32,000,000\u00a32,500,000\u00a35,000,000 Max. FiyatAny\u00a31,000\u00a32,000\u00a33,000\u00a34,000\u00a35,000\u00a37,500\u00a310,000\u00a315,000\u00a320,000\u00a325,000\u00a330,000\u00a340,000\u00a350,000\u00a375,000\u00a3100,000\u00a3150,000 Ara G\u00fcncel \u0130lanlar\u0131m\u0131z\u0131 G\u00f6r\u00fcn T\u00fcrkiye&#8217;nin g\u00fcneybat\u0131 k\u0131y\u0131s\u0131ndaki muhte\u015fem Fethiye b\u00f6lgesinde, \u00f6zenle se\u00e7ilmi\u015f villa, daire ve arsa portf\u00f6y\u00fcm\u00fcz\u00fc ke\u015ffedin. \u0130ster bir tatil [&hellip;]<\/p>\n","protected":false},"author":1,"featured_media":0,"parent":0,"menu_order":0,"comment_status":"closed","ping_status":"closed","template":"template\/template-search.php","meta":{"footnotes":""},"class_list":["post-7986","page","type-page","status-publish","hentry"],"_links":{"self":[{"href":"https:\/\/www.propertiesturkey.com\/tr\/wp-json\/wp\/v2\/pages\/7986","targetHints":{"allow":["GET"]}}],"collection":[{"href":"https:\/\/www.propertiesturkey.com\/tr\/wp-json\/wp\/v2\/pages"}],"about":[{"href":"https:\/\/www.propertiesturkey.com\/tr\/wp-json\/wp\/v2\/types\/page"}],"author":[{"embeddable":true,"href":"https:\/\/www.propertiesturkey.com\/tr\/wp-json\/wp\/v2\/users\/1"}],"replies":[{"embeddable":true,"href":"https:\/\/www.propertiesturkey.com\/tr\/wp-json\/wp\/v2\/comments?post=7986"}],"version-history":[{"count":17,"href":"https:\/\/www.propertiesturkey.com\/tr\/wp-json\/wp\/v2\/pages\/7986\/revisions"}],"predecessor-version":[{"id":13503,"href":"https:\/\/www.propertiesturkey.com\/tr\/wp-json\/wp\/v2\/pages\/7986\/revisions\/13503"}],"wp:attachment":[{"href":"https:\/\/www.propertiesturkey.com\/tr\/wp-json\/wp\/v2\/media?parent=7986"}],"curies":[{"name":"wp","href":"https:\/\/api.w.org\/{rel}","templated":true}]}}