{"id":8135,"date":"2025-08-11T13:18:49","date_gmt":"2025-08-11T10:18:49","guid":{"rendered":"https:\/\/www.propertiesturkey.com\/knight-island-sovalye-adasi-a-life-unlike-anywhere-else-in-turkey\/"},"modified":"2025-10-28T16:11:38","modified_gmt":"2025-10-28T13:11:38","slug":"sovalye-adasi-gayrimenkul-bolge-rehberi","status":"publish","type":"page","link":"https:\/\/www.propertiesturkey.com\/tr\/sovalye-adasi-gayrimenkul-bolge-rehberi\/","title":{"rendered":"\u015e\u00f6valye Adas\u0131 &#8211; Gayrimenkul B\u00f6lge Rehberi"},"content":{"rendered":"\t\t<div data-elementor-type=\"wp-post\" data-elementor-id=\"8135\" class=\"elementor elementor-8135 elementor-3377\">\n\t\t\t\t\t\t<section class=\"elementor-section elementor-top-section elementor-element elementor-element-cc284a1 elementor-section-boxed elementor-section-height-default elementor-section-height-default elementor-invisible\" data-id=\"cc284a1\" data-element_type=\"section\" data-e-type=\"section\" data-settings=\"{&quot;animation&quot;:&quot;fadeIn&quot;,&quot;background_background&quot;:&quot;classic&quot;}\">\n\t\t\t\t\t\t<div class=\"elementor-container elementor-column-gap-default\">\n\t\t\t\t\t<div class=\"elementor-column elementor-col-100 elementor-top-column elementor-element elementor-element-00f0c9e\" data-id=\"00f0c9e\" data-element_type=\"column\" data-e-type=\"column\">\n\t\t\t<div class=\"elementor-widget-wrap elementor-element-populated\">\n\t\t\t\t\t\t<div class=\"elementor-element elementor-element-6901c4e animated-slow elementor-invisible elementor-widget elementor-widget-heading\" data-id=\"6901c4e\" data-element_type=\"widget\" data-e-type=\"widget\" data-settings=\"{&quot;_animation&quot;:&quot;fadeInUp&quot;}\" data-widget_type=\"heading.default\">\n\t\t\t\t<div class=\"elementor-widget-container\">\n\t\t\t\t\t<h2 class=\"elementor-heading-title elementor-size-default\">\u015e\u00f6valye Adas\u0131: T\u00fcrkiye\u2019de E\u015fi Benzeri Olmayan Bir Ya\u015fam\n<\/h2>\t\t\t\t<\/div>\n\t\t\t\t<\/div>\n\t\t\t\t<div class=\"elementor-element elementor-element-a31fd8d animated-slow elementor-invisible elementor-widget elementor-widget-text-editor\" data-id=\"a31fd8d\" data-element_type=\"widget\" data-e-type=\"widget\" data-settings=\"{&quot;_animation&quot;:&quot;fadeInUp&quot;,&quot;_animation_delay&quot;:100}\" data-widget_type=\"text-editor.default\">\n\t\t\t\t<div class=\"elementor-widget-container\">\n\t\t\t\t\t\t\t\t\tFethiye k\u0131y\u0131s\u0131n\u0131n hemen kar\u015f\u0131s\u0131nda nadir ve sakin bir m\u00fccevher yer al\u0131r \u2014 <strong>\u015e\u00f6valye Adas\u0131 (Knight Island)<\/strong>.  \nSadece tekne ile ula\u015f\u0131labilen bu yer, tarihe, sessizli\u011fe ve par\u0131ldayan denizlere ev sahipli\u011fi yapar. Buras\u0131 s\u0131radan bir sahil kasabas\u0131 de\u011fildir; T\u00fcrkiye\u2019de <strong>az say\u0131da yerle\u015fimli \u00f6zel adalardan biri<\/strong> olup, bir eve sahip olmak <strong>sadece yan\u0131nda de\u011fil, i\u00e7inde deniz ya\u015fam\u0131 s\u00fcrmek<\/strong> demektir.\n\t\t\t\t\t\t\t\t<\/div>\n\t\t\t\t<\/div>\n\t\t\t\t<div class=\"elementor-element elementor-element-5911b43 animated-slow elementor-invisible elementor-widget elementor-widget-heading\" data-id=\"5911b43\" data-element_type=\"widget\" data-e-type=\"widget\" data-settings=\"{&quot;_animation&quot;:&quot;fadeInUp&quot;}\" data-widget_type=\"heading.default\">\n\t\t\t\t<div class=\"elementor-widget-container\">\n\t\t\t\t\t<h2 class=\"elementor-heading-title elementor-size-default\">Neden \u015e\u00f6valye Adas\u0131<\/h2>\t\t\t\t<\/div>\n\t\t\t\t<\/div>\n\t\t\t\t<div class=\"elementor-element elementor-element-5fc86ac animated-slow elementor-invisible elementor-widget elementor-widget-text-editor\" data-id=\"5fc86ac\" data-element_type=\"widget\" data-e-type=\"widget\" data-settings=\"{&quot;_animation&quot;:&quot;fadeInUp&quot;,&quot;_animation_delay&quot;:100}\" data-widget_type=\"text-editor.default\">\n\t\t\t\t<div class=\"elementor-widget-container\">\n\t\t\t\t\t\t\t\t\t\u00c7\u00fcnk\u00fc buras\u0131 s\u0131radan de\u011fil \u2014 ve herkes i\u00e7in uygun de\u011fil.  \nGer\u00e7ekten \u00f6zel bir \u015fey sunuyor: <strong>eve yelken a\u00e7arak<\/strong> d\u00f6n\u00fclen bir ya\u015fam, araba ile de\u011fil.\n\nBunu ger\u00e7ekten \u00f6zel k\u0131lan nedir?\n<ul>\n    <li>Adada sadece <strong>s\u0131n\u0131rl\u0131 say\u0131da villa ve ta\u015f ev<\/strong> bulunur \u2014 bu da her m\u00fclk\u00fc inan\u0131lmaz derecede nadir k\u0131lar.<\/li>\n    <li>Evler <strong>\u00f6zel iskeleler veya deniz kenar\u0131 teraslarla<\/strong> gelir \u2014 kahvalt\u0131lar bal\u0131klarla payla\u015f\u0131l\u0131r ve g\u00fcn bat\u0131mlar\u0131 \u00e7amlarla kapl\u0131 tepelerle \u00e7er\u00e7evelenir.<\/li>\n    <li>Ne arabalar, ne kalabal\u0131k, ne g\u00fcr\u00fclt\u00fc. Sadece <strong>siz, deniz ve do\u011fa<\/strong>.<\/li>\n    <li>Her g\u00fcn bir kartpostal an\u0131 gibidir.<\/li>\n<\/ul>\n\t\t\t\t\t\t\t\t<\/div>\n\t\t\t\t<\/div>\n\t\t\t\t<div class=\"elementor-element elementor-element-6bccff2 animated-slow elementor-invisible elementor-widget elementor-widget-heading\" data-id=\"6bccff2\" data-element_type=\"widget\" data-e-type=\"widget\" data-settings=\"{&quot;_animation&quot;:&quot;fadeInUp&quot;}\" data-widget_type=\"heading.default\">\n\t\t\t\t<div class=\"elementor-widget-container\">\n\t\t\t\t\t<h2 class=\"elementor-heading-title elementor-size-default\">\u015e\u00f6valye Adas\u0131\u2019nda Ev Sahibi Olman\u0131n Avantajlar\u0131\n\n\n\n\n\n\n<\/h2>\t\t\t\t<\/div>\n\t\t\t\t<\/div>\n\t\t\t\t<div class=\"elementor-element elementor-element-8065d73 animated-slow elementor-invisible elementor-widget elementor-widget-text-editor\" data-id=\"8065d73\" data-element_type=\"widget\" data-e-type=\"widget\" data-settings=\"{&quot;_animation&quot;:&quot;fadeInUp&quot;,&quot;_animation_delay&quot;:100}\" data-widget_type=\"text-editor.default\">\n\t\t\t\t<div class=\"elementor-widget-container\">\n\t\t\t\t\t\t\t\t\t<ol>\n    <li><strong>T\u00fcrkiye\u2019de E\u015fi Benzeri Olmayan Bir Yat\u0131r\u0131m<\/strong><\/li>\n<\/ol>\n<ul>\n    <li>T\u00fcrkiye\u2019de <strong>adada \u00f6zel m\u00fclk sahibi olman\u0131n yasal olarak m\u00fcmk\u00fcn oldu\u011fu \u00e7ok az yerden biri<\/strong>.<\/li>\n    <li>S\u0131k\u0131 in\u015faat s\u0131n\u0131rlamalar\u0131 geli\u015fimi d\u00fc\u015f\u00fck tutar, bu da <strong>her y\u0131l gayrimenkul de\u011ferlerini art\u0131r\u0131r<\/strong>.<\/li>\n    <li>B\u00f6ylesine s\u0131n\u0131rl\u0131 arz ile bu, <strong>stratejik, y\u00fcksek de\u011ferli bir yat\u0131r\u0131m<\/strong> i\u00e7in nadir bir f\u0131rsatt\u0131r.<\/li>\n<\/ul>\n<ol start=\"2\">\n    <li><strong>Butik L\u00fcks ve Tam \u00d6zg\u00fcrl\u00fck<\/strong><\/li>\n<\/ol>\n<ul>\n    <li>Toplu turizm yok, a\u015f\u0131r\u0131 yap\u0131la\u015fm\u0131\u015f tatil k\u00f6yleri yok \u2014 sadece arazi ve denizle uyumlu <strong>butik villalar ve miras tarz\u0131 ta\u015f evler<\/strong>.<\/li>\n    <li>Bu <strong>ger\u00e7ek \u00f6zg\u00fcrl\u00fckt\u00fcr<\/strong>: istedi\u011finiz gibi ya\u015fay\u0131n, kesintisiz.<\/li>\n<\/ul>\n<ol start=\"3\">\n    <li><strong>Gizlilik ve G\u00fcvenlik<\/strong><\/li>\n<\/ol>\n<ul>\n    <li>Sadece tekne ile ula\u015f\u0131labilen \u015e\u00f6valye Adas\u0131, <strong>maksimum gizlilik ve g\u00fcvenlik<\/strong> sunar.<\/li>\n    <li>Adan\u0131n, huzur ve mahremiyet arayan <strong>sanat\u00e7\u0131lar, yazarlar, giri\u015fimciler ve uluslararas\u0131 al\u0131c\u0131lar<\/strong> aras\u0131nda pop\u00fcler olmas\u0131 \u015fa\u015f\u0131rt\u0131c\u0131 de\u011fildir.<\/li>\n<\/ul>\n<ol start=\"4\">\n    <li><strong>Y\u00fcksek Kira Getirisi<\/strong><\/li>\n<\/ol>\n<ul>\n    <li>Adadaki m\u00fclkler <strong>l\u00fcks tatil kiralamalar\u0131<\/strong> i\u00e7in y\u00fcksek talep g\u00f6r\u00fcr ve genellikle en y\u00fcksek gecelik fiyatlar\u0131 talep eder.<\/li>\n    <li>\u201cAdada villa deneyimi\u201d kolay bulunmaz \u2014 bu da <strong>g\u00fc\u00e7l\u00fc k\u0131sa d\u00f6nem kira geliri potansiyeli<\/strong> anlam\u0131na gelir.<\/li>\n<\/ul>\n\t\t\t\t\t\t\t\t<\/div>\n\t\t\t\t<\/div>\n\t\t\t\t<div class=\"elementor-element elementor-element-572a3d1 animated-slow elementor-invisible elementor-widget elementor-widget-heading\" data-id=\"572a3d1\" data-element_type=\"widget\" data-e-type=\"widget\" data-settings=\"{&quot;_animation&quot;:&quot;fadeInUp&quot;}\" data-widget_type=\"heading.default\">\n\t\t\t\t<div class=\"elementor-widget-container\">\n\t\t\t\t\t<h2 class=\"elementor-heading-title elementor-size-default\">Kolay Eri\u015fim, E\u015fsiz Ka\u00e7\u0131\u015f\n\n\n\n\n\n\n<\/h2>\t\t\t\t<\/div>\n\t\t\t\t<\/div>\n\t\t\t\t<div class=\"elementor-element elementor-element-6e580d3 animated-slow elementor-invisible elementor-widget elementor-widget-text-editor\" data-id=\"6e580d3\" data-element_type=\"widget\" data-e-type=\"widget\" data-settings=\"{&quot;_animation&quot;:&quot;fadeInUp&quot;,&quot;_animation_delay&quot;:100}\" data-widget_type=\"text-editor.default\">\n\t\t\t\t<div class=\"elementor-widget-container\">\n\t\t\t\t\t\t\t\t\t<ul>\n    <li><strong>Fethiye marinas\u0131ndan sadece 5\u201310 dakikal\u0131k tekne yolculu\u011fu<\/strong><\/li>\n    <li>\u015eehre, al\u0131\u015fveri\u015fe veya yeme\u011fe g\u00fcnl\u00fck geziler i\u00e7in yeterince yak\u0131n \u2014 ama kendi d\u00fcnyan\u0131zdaym\u0131\u015f gibi hissetmek i\u00e7in yeterince uzak<\/li>\n    <li>Bu nadir <strong>izolasyon ve eri\u015filebilirlik dengesi<\/strong>, \u015e\u00f6valye Adas\u0131\u2019n\u0131 T\u00fcrkiye gayrimenkul piyasas\u0131nda \u00f6ne \u00e7\u0131karan bir konum yapar<\/li>\n<\/ul>\n\t\t\t\t\t\t\t\t<\/div>\n\t\t\t\t<\/div>\n\t\t\t\t<div class=\"elementor-element elementor-element-62eb937 animated-slow elementor-invisible elementor-widget elementor-widget-heading\" data-id=\"62eb937\" data-element_type=\"widget\" data-e-type=\"widget\" data-settings=\"{&quot;_animation&quot;:&quot;fadeInUp&quot;}\" data-widget_type=\"heading.default\">\n\t\t\t\t<div class=\"elementor-widget-container\">\n\t\t\t\t\t<h2 class=\"elementor-heading-title elementor-size-default\">Bu Kimler \u0130\u00e7in?\n<\/h2>\t\t\t\t<\/div>\n\t\t\t\t<\/div>\n\t\t\t\t<div class=\"elementor-element elementor-element-e80275f animated-slow elementor-invisible elementor-widget elementor-widget-text-editor\" data-id=\"e80275f\" data-element_type=\"widget\" data-e-type=\"widget\" data-settings=\"{&quot;_animation&quot;:&quot;fadeInUp&quot;,&quot;_animation_delay&quot;:100}\" data-widget_type=\"text-editor.default\">\n\t\t\t\t<div class=\"elementor-widget-container\">\n\t\t\t\t\t\t\t\t\t<ol>\n    <li><strong>Nadir ve de\u011ferli m\u00fclk arayan \u00fcst d\u00fczey yat\u0131r\u0131mc\u0131lar<\/strong><\/li>\n    <li><strong>Sakin, do\u011fayla ba\u011flant\u0131l\u0131 ve denizle i\u00e7 i\u00e7e bir ya\u015fam arayanlar<\/strong><\/li>\n    <li><strong>Netlik ve huzur arayan sanat\u00e7\u0131lar, dijital g\u00f6\u00e7ebeler veya emekliler<\/strong><\/li>\n    <li><strong>Farkl\u0131 bir ya\u015fam s\u00fcrmeye haz\u0131r \u00e7iftler ve bireyler<\/strong><\/li>\n    <li><strong>Gizlili\u011fe, g\u00fczelli\u011fe ve ger\u00e7ek e\u015fsizli\u011fe de\u011fer veren herkes<\/strong><\/li>\n    <li><\/li>\n<\/ol>\n\t\t\t\t\t\t\t\t<\/div>\n\t\t\t\t<\/div>\n\t\t\t\t<div class=\"elementor-element elementor-element-3e3ee39 animated-slow elementor-invisible elementor-widget elementor-widget-heading\" data-id=\"3e3ee39\" data-element_type=\"widget\" data-e-type=\"widget\" data-settings=\"{&quot;_animation&quot;:&quot;fadeInUp&quot;}\" data-widget_type=\"heading.default\">\n\t\t\t\t<div class=\"elementor-widget-container\">\n\t\t\t\t\t<h2 class=\"elementor-heading-title elementor-size-default\">Sonu\u00e7: Sadece Bir Ev De\u011fil \u2014 Bir \u0130fade<\/h2>\t\t\t\t<\/div>\n\t\t\t\t<\/div>\n\t\t\t\t<div class=\"elementor-element elementor-element-f2faf8c animated-slow elementor-invisible elementor-widget elementor-widget-text-editor\" data-id=\"f2faf8c\" data-element_type=\"widget\" data-e-type=\"widget\" data-settings=\"{&quot;_animation&quot;:&quot;fadeInUp&quot;,&quot;_animation_delay&quot;:100}\" data-widget_type=\"text-editor.default\">\n\t\t\t\t<div class=\"elementor-widget-container\">\n\t\t\t\t\t\t\t\t\t\u015e\u00f6valye Adas\u0131 sadece bir g\u00fczel yer de\u011fil. Buras\u0131 <strong>bir ya\u015fam tarz\u0131, bir vizyon ve bir ifade<\/strong>.\n\nBurada ev sahibi olmak demek:\n<ul>\n    <li>Do\u011fan\u0131n i\u00e7inde, sadece yan\u0131nda de\u011fil ya\u015famak<\/li>\n    <li><strong>Nadir, korunan ve her zaman arzu edilen<\/strong> bir m\u00fclke sahip olmak<\/li>\n    <li>Konfordan \u00f6d\u00fcn vermeden g\u00fcr\u00fclt\u00fcden ka\u00e7mak<\/li>\n    <li><strong>Kendi kurallar\u0131yla ya\u015fayan se\u00e7kin bir toplulu\u011fa<\/strong> kat\u0131lmak<\/li>\n<\/ul>\nE\u011fer sadece gayrimenkulde de\u011fil, ya\u015famda da cesur bir ad\u0131m atmaya haz\u0131rsan\u0131z \u2014  \n<strong>yeni eviniz belki de koyun kar\u015f\u0131s\u0131nda, \u015e\u00f6valye Adas\u0131\u2019nda olabilir.<\/strong>\n\t\t\t\t\t\t\t\t<\/div>\n\t\t\t\t<\/div>\n\t\t\t\t<div class=\"elementor-element elementor-element-3908494 gallery-spacing-custom animated-slow elementor-invisible elementor-widget elementor-widget-image-gallery\" data-id=\"3908494\" data-element_type=\"widget\" data-e-type=\"widget\" data-settings=\"{&quot;_animation&quot;:&quot;fadeInUp&quot;}\" data-widget_type=\"image-gallery.default\">\n\t\t\t\t<div class=\"elementor-widget-container\">\n\t\t\t\t\t\t\t<div class=\"elementor-image-gallery\">\n\t\t\t<div id='gallery-1' class='gallery galleryid-8135 gallery-columns-3 gallery-size-full'><figure class='gallery-item'>\n\t\t\t<div class='gallery-icon landscape'>\n\t\t\t\t<a data-elementor-open-lightbox=\"yes\" data-elementor-lightbox-slideshow=\"3908494\" data-elementor-lightbox-title=\"sovalye-island-1\" data-e-action-hash=\"#elementor-action%3Aaction%3Dlightbox%26settings%3DeyJpZCI6MzUzNywidXJsIjoiaHR0cHM6XC9cL3d3dy5wcm9wZXJ0aWVzdHVya2V5LmNvbVwvd3AtY29udGVudFwvdXBsb2Fkc1wvMjAyNVwvMDhcL3NvdmFseWUtaXNsYW5kLTEuanBnIiwic2xpZGVzaG93IjoiMzkwODQ5NCJ9\" href='https:\/\/www.propertiesturkey.com\/wp-content\/uploads\/2025\/08\/sovalye-island-1.jpg'><img fetchpriority=\"high\" decoding=\"async\" width=\"1200\" height=\"800\" src=\"https:\/\/www.propertiesturkey.com\/wp-content\/uploads\/2025\/08\/sovalye-island-1.jpg\" class=\"attachment-full size-full\" alt=\"\" \/><\/a>\n\t\t\t<\/div><\/figure><figure class='gallery-item'>\n\t\t\t<div class='gallery-icon landscape'>\n\t\t\t\t<a data-elementor-open-lightbox=\"yes\" data-elementor-lightbox-slideshow=\"3908494\" data-elementor-lightbox-title=\"sovalye-island-2\" data-e-action-hash=\"#elementor-action%3Aaction%3Dlightbox%26settings%3DeyJpZCI6MzU0MCwidXJsIjoiaHR0cHM6XC9cL3d3dy5wcm9wZXJ0aWVzdHVya2V5LmNvbVwvd3AtY29udGVudFwvdXBsb2Fkc1wvMjAyNVwvMDhcL3NvdmFseWUtaXNsYW5kLTIuanBnIiwic2xpZGVzaG93IjoiMzkwODQ5NCJ9\" href='https:\/\/www.propertiesturkey.com\/wp-content\/uploads\/2025\/08\/sovalye-island-2.jpg'><img decoding=\"async\" width=\"1200\" height=\"800\" src=\"https:\/\/www.propertiesturkey.com\/wp-content\/uploads\/2025\/08\/sovalye-island-2.jpg\" class=\"attachment-full size-full\" alt=\"\" \/><\/a>\n\t\t\t<\/div><\/figure><figure class='gallery-item'>\n\t\t\t<div class='gallery-icon landscape'>\n\t\t\t\t<a data-elementor-open-lightbox=\"yes\" data-elementor-lightbox-slideshow=\"3908494\" data-elementor-lightbox-title=\"sovalye-island-3\" data-e-action-hash=\"#elementor-action%3Aaction%3Dlightbox%26settings%3DeyJpZCI6MzU0MywidXJsIjoiaHR0cHM6XC9cL3d3dy5wcm9wZXJ0aWVzdHVya2V5LmNvbVwvd3AtY29udGVudFwvdXBsb2Fkc1wvMjAyNVwvMDhcL3NvdmFseWUtaXNsYW5kLTMuanBnIiwic2xpZGVzaG93IjoiMzkwODQ5NCJ9\" href='https:\/\/www.propertiesturkey.com\/wp-content\/uploads\/2025\/08\/sovalye-island-3.jpg'><img decoding=\"async\" width=\"1200\" height=\"800\" src=\"https:\/\/www.propertiesturkey.com\/wp-content\/uploads\/2025\/08\/sovalye-island-3.jpg\" class=\"attachment-full size-full\" alt=\"\" \/><\/a>\n\t\t\t<\/div><\/figure><figure class='gallery-item'>\n\t\t\t<div class='gallery-icon landscape'>\n\t\t\t\t<a data-elementor-open-lightbox=\"yes\" data-elementor-lightbox-slideshow=\"3908494\" data-elementor-lightbox-title=\"sovalye-island-4\" data-e-action-hash=\"#elementor-action%3Aaction%3Dlightbox%26settings%3DeyJpZCI6MzU0NiwidXJsIjoiaHR0cHM6XC9cL3d3dy5wcm9wZXJ0aWVzdHVya2V5LmNvbVwvd3AtY29udGVudFwvdXBsb2Fkc1wvMjAyNVwvMDhcL3NvdmFseWUtaXNsYW5kLTQuanBnIiwic2xpZGVzaG93IjoiMzkwODQ5NCJ9\" href='https:\/\/www.propertiesturkey.com\/wp-content\/uploads\/2025\/08\/sovalye-island-4.jpg'><img loading=\"lazy\" decoding=\"async\" width=\"1200\" height=\"800\" src=\"https:\/\/www.propertiesturkey.com\/wp-content\/uploads\/2025\/08\/sovalye-island-4.jpg\" class=\"attachment-full size-full\" alt=\"\" \/><\/a>\n\t\t\t<\/div><\/figure><figure class='gallery-item'>\n\t\t\t<div class='gallery-icon landscape'>\n\t\t\t\t<a data-elementor-open-lightbox=\"yes\" data-elementor-lightbox-slideshow=\"3908494\" data-elementor-lightbox-title=\"sovalye-island-5\" data-e-action-hash=\"#elementor-action%3Aaction%3Dlightbox%26settings%3DeyJpZCI6MzU0OSwidXJsIjoiaHR0cHM6XC9cL3d3dy5wcm9wZXJ0aWVzdHVya2V5LmNvbVwvd3AtY29udGVudFwvdXBsb2Fkc1wvMjAyNVwvMDhcL3NvdmFseWUtaXNsYW5kLTUuanBnIiwic2xpZGVzaG93IjoiMzkwODQ5NCJ9\" href='https:\/\/www.propertiesturkey.com\/wp-content\/uploads\/2025\/08\/sovalye-island-5.jpg'><img loading=\"lazy\" decoding=\"async\" width=\"1200\" height=\"800\" src=\"https:\/\/www.propertiesturkey.com\/wp-content\/uploads\/2025\/08\/sovalye-island-5.jpg\" class=\"attachment-full size-full\" alt=\"\" \/><\/a>\n\t\t\t<\/div><\/figure><figure class='gallery-item'>\n\t\t\t<div class='gallery-icon landscape'>\n\t\t\t\t<a data-elementor-open-lightbox=\"yes\" data-elementor-lightbox-slideshow=\"3908494\" data-elementor-lightbox-title=\"sovalye-island-6\" data-e-action-hash=\"#elementor-action%3Aaction%3Dlightbox%26settings%3DeyJpZCI6MzU1MiwidXJsIjoiaHR0cHM6XC9cL3d3dy5wcm9wZXJ0aWVzdHVya2V5LmNvbVwvd3AtY29udGVudFwvdXBsb2Fkc1wvMjAyNVwvMDhcL3NvdmFseWUtaXNsYW5kLTYuanBnIiwic2xpZGVzaG93IjoiMzkwODQ5NCJ9\" href='https:\/\/www.propertiesturkey.com\/wp-content\/uploads\/2025\/08\/sovalye-island-6.jpg'><img loading=\"lazy\" decoding=\"async\" width=\"1200\" height=\"800\" src=\"https:\/\/www.propertiesturkey.com\/wp-content\/uploads\/2025\/08\/sovalye-island-6.jpg\" class=\"attachment-full size-full\" alt=\"\" \/><\/a>\n\t\t\t<\/div><\/figure>\n\t\t<\/div>\n\t\t<\/div>\n\t\t\t\t\t\t<\/div>\n\t\t\t\t<\/div>\n\t\t\t\t\t<\/div>\n\t\t<\/div>\n\t\t\t\t\t<\/div>\n\t\t<\/section>\n\t\t\t\t<\/div>\n\t\t","protected":false},"excerpt":{"rendered":"<p>\u015e\u00f6valye Adas\u0131: T\u00fcrkiye\u2019de E\u015fi Benzeri Olmayan Bir Ya\u015fam Fethiye k\u0131y\u0131s\u0131n\u0131n hemen kar\u015f\u0131s\u0131nda nadir ve sakin bir m\u00fccevher yer al\u0131r \u2014 \u015e\u00f6valye Adas\u0131 (Knight Island). Sadece tekne ile ula\u015f\u0131labilen bu yer, tarihe, sessizli\u011fe ve par\u0131ldayan denizlere ev sahipli\u011fi yapar. Buras\u0131 s\u0131radan bir sahil kasabas\u0131 de\u011fildir; T\u00fcrkiye\u2019de az say\u0131da yerle\u015fimli \u00f6zel adalardan biri olup, bir eve sahip [&hellip;]<\/p>\n","protected":false},"author":1,"featured_media":0,"parent":0,"menu_order":0,"comment_status":"closed","ping_status":"closed","template":"template\/template-page.php","meta":{"footnotes":""},"class_list":["post-8135","page","type-page","status-publish","hentry"],"_links":{"self":[{"href":"https:\/\/www.propertiesturkey.com\/tr\/wp-json\/wp\/v2\/pages\/8135","targetHints":{"allow":["GET"]}}],"collection":[{"href":"https:\/\/www.propertiesturkey.com\/tr\/wp-json\/wp\/v2\/pages"}],"about":[{"href":"https:\/\/www.propertiesturkey.com\/tr\/wp-json\/wp\/v2\/types\/page"}],"author":[{"embeddable":true,"href":"https:\/\/www.propertiesturkey.com\/tr\/wp-json\/wp\/v2\/users\/1"}],"replies":[{"embeddable":true,"href":"https:\/\/www.propertiesturkey.com\/tr\/wp-json\/wp\/v2\/comments?post=8135"}],"version-history":[{"count":5,"href":"https:\/\/www.propertiesturkey.com\/tr\/wp-json\/wp\/v2\/pages\/8135\/revisions"}],"predecessor-version":[{"id":8140,"href":"https:\/\/www.propertiesturkey.com\/tr\/wp-json\/wp\/v2\/pages\/8135\/revisions\/8140"}],"wp:attachment":[{"href":"https:\/\/www.propertiesturkey.com\/tr\/wp-json\/wp\/v2\/media?parent=8135"}],"curies":[{"name":"wp","href":"https:\/\/api.w.org\/{rel}","templated":true}]}}