{"id":8142,"date":"2025-08-11T13:45:33","date_gmt":"2025-08-11T10:45:33","guid":{"rendered":"https:\/\/www.propertiesturkey.com\/about-gocek-real-estate-area-guide\/"},"modified":"2025-10-28T16:18:39","modified_gmt":"2025-10-28T13:18:39","slug":"gocek-hakkinda-gayrimenkul-bolge-rehberi","status":"publish","type":"page","link":"https:\/\/www.propertiesturkey.com\/tr\/gocek-hakkinda-gayrimenkul-bolge-rehberi\/","title":{"rendered":"G\u00f6cek Hakk\u0131nda \u2013 Gayrimenkul B\u00f6lge Rehberi"},"content":{"rendered":"\t\t<div data-elementor-type=\"wp-post\" data-elementor-id=\"8142\" class=\"elementor elementor-8142 elementor-3413\">\n\t\t\t\t\t\t<section class=\"elementor-section elementor-top-section elementor-element elementor-element-cc284a1 elementor-section-boxed elementor-section-height-default elementor-section-height-default elementor-invisible\" data-id=\"cc284a1\" data-element_type=\"section\" data-e-type=\"section\" data-settings=\"{&quot;animation&quot;:&quot;fadeIn&quot;,&quot;background_background&quot;:&quot;classic&quot;}\">\n\t\t\t\t\t\t<div class=\"elementor-container elementor-column-gap-default\">\n\t\t\t\t\t<div class=\"elementor-column elementor-col-100 elementor-top-column elementor-element elementor-element-00f0c9e\" data-id=\"00f0c9e\" data-element_type=\"column\" data-e-type=\"column\">\n\t\t\t<div class=\"elementor-widget-wrap elementor-element-populated\">\n\t\t\t\t\t\t<div class=\"elementor-element elementor-element-5911b43 animated-slow elementor-invisible elementor-widget elementor-widget-heading\" data-id=\"5911b43\" data-element_type=\"widget\" data-e-type=\"widget\" data-settings=\"{&quot;_animation&quot;:&quot;fadeInUp&quot;}\" data-widget_type=\"heading.default\">\n\t\t\t\t<div class=\"elementor-widget-container\">\n\t\t\t\t\t<h2 class=\"elementor-heading-title elementor-size-default\">G\u00f6cek: T\u00fcrk Rivieras\u0131\u2019nda Sakin Ya\u015fam ve \u00dcst D\u00fczey Gayrimenkul<\/h2>\t\t\t\t<\/div>\n\t\t\t\t<\/div>\n\t\t\t\t<div class=\"elementor-element elementor-element-a31fd8d animated-slow elementor-invisible elementor-widget elementor-widget-text-editor\" data-id=\"a31fd8d\" data-element_type=\"widget\" data-e-type=\"widget\" data-settings=\"{&quot;_animation&quot;:&quot;fadeInUp&quot;,&quot;_animation_delay&quot;:100}\" data-widget_type=\"text-editor.default\">\n\t\t\t\t<div class=\"elementor-widget-container\">\n\t\t\t\t\t\t\t\t\t<p>G\u00f6cek, T\u00fcrkiye\u2019nin Mu\u011fla iline ba\u011fl\u0131 Fethiye il\u00e7esinde k\u00fc\u00e7\u00fck ama d\u00fcnyaca \u00fcnl\u00fc bir sahil kasabas\u0131d\u0131r. Yemye\u015fil \u00e7amlarla kapl\u0131 tepeler ile Akdeniz\u2019in turkuaz sular\u0131 aras\u0131nda yer alan G\u00f6cek, huzurlu bir ya\u015fam, l\u00fcks m\u00fclkler ve karl\u0131 gayrimenkul yat\u0131r\u0131m f\u0131rsatlar\u0131 arayanlar i\u00e7in \u00f6nemli bir destinasyon haline gelmi\u015ftir.<\/p><p><strong>\u26f5<\/strong><strong> Bir Yat\u00e7\u0131l\u0131k Cenneti<\/strong><\/p><p>G\u00f6cek, 6 tam donan\u0131ml\u0131 marinas\u0131 ile do\u011fu Akdeniz\u2019de yat turizminin \u00f6nemli bir merkezi olarak \u00fcnl\u00fcd\u00fcr. Bunlar aras\u0131nda D-Marin, Skopea, Club Marina ve di\u011ferleri bulunur. Bu canl\u0131 denizcilik ya\u015fam\u0131, yerel ekonomiye b\u00fcy\u00fck katk\u0131 sa\u011flar ve \u00f6zellikle yelken ve l\u00fcks ya\u015fam tarz\u0131 tutkunlar\u0131 aras\u0131nda <strong>marina yak\u0131n\u0131ndaki m\u00fclklere<\/strong> g\u00fc\u00e7l\u00fc bir talep yarat\u0131r.<\/p>\t\t\t\t\t\t\t\t<\/div>\n\t\t\t\t<\/div>\n\t\t\t\t<div class=\"elementor-element elementor-element-911065b animated-slow elementor-invisible elementor-widget elementor-widget-heading\" data-id=\"911065b\" data-element_type=\"widget\" data-e-type=\"widget\" data-settings=\"{&quot;_animation&quot;:&quot;fadeInUp&quot;}\" data-widget_type=\"heading.default\">\n\t\t\t\t<div class=\"elementor-widget-container\">\n\t\t\t\t\t<h2 class=\"elementor-heading-title elementor-size-default\">G\u00f6cek\u2019te Emlak Pazar\u0131<\/h2>\t\t\t\t<\/div>\n\t\t\t\t<\/div>\n\t\t\t\t<div class=\"elementor-element elementor-element-8147dc9 animated-slow elementor-invisible elementor-widget elementor-widget-text-editor\" data-id=\"8147dc9\" data-element_type=\"widget\" data-e-type=\"widget\" data-settings=\"{&quot;_animation&quot;:&quot;fadeInUp&quot;,&quot;_animation_delay&quot;:100}\" data-widget_type=\"text-editor.default\">\n\t\t\t\t<div class=\"elementor-widget-container\">\n\t\t\t\t\t\t\t\t\tG\u00f6cek emlak pazar\u0131 zengin bir portf\u00f6y sunuyor:\n<ul>\n \t<li><strong>Sat\u0131l\u0131k L\u00fcks Villalar:<\/strong>\u00a0Genellikle \u00f6zel havuz, peyzajl\u0131 bah\u00e7e ve deniz manzaras\u0131 ile gelir.<\/li>\n \t<li><strong>Deniz Manzaral\u0131 Daireler:<\/strong>\u00a0Hem kal\u0131c\u0131 ya\u015fam hem de tatil kiralamalar\u0131 i\u00e7in idealdir, sahil ve marina yak\u0131n\u0131nda konumlanm\u0131\u015ft\u0131r.<\/li>\n \t<li><strong>Yat\u0131r\u0131m Arazileri:<\/strong>\u00a0Ticari projeler veya butik otel geli\u015ftirmeleri i\u00e7in b\u00fcy\u00fck potansiyele sahiptir.<\/li>\n<\/ul>\n\t\t\t\t\t\t\t\t<\/div>\n\t\t\t\t<\/div>\n\t\t\t\t<div class=\"elementor-element elementor-element-6901c4e animated-slow elementor-invisible elementor-widget elementor-widget-heading\" data-id=\"6901c4e\" data-element_type=\"widget\" data-e-type=\"widget\" data-settings=\"{&quot;_animation&quot;:&quot;fadeInUp&quot;}\" data-widget_type=\"heading.default\">\n\t\t\t\t<div class=\"elementor-widget-container\">\n\t\t\t\t\t<h2 class=\"elementor-heading-title elementor-size-default\">Neden G\u00f6ce\u011f'e Yat\u0131r\u0131m Yapmal\u0131?<\/h2>\t\t\t\t<\/div>\n\t\t\t\t<\/div>\n\t\t\t\t<div class=\"elementor-element elementor-element-8065d73 animated-slow elementor-invisible elementor-widget elementor-widget-text-editor\" data-id=\"8065d73\" data-element_type=\"widget\" data-e-type=\"widget\" data-settings=\"{&quot;_animation&quot;:&quot;fadeInUp&quot;,&quot;_animation_delay&quot;:100}\" data-widget_type=\"text-editor.default\">\n\t\t\t\t<div class=\"elementor-widget-container\">\n\t\t\t\t\t\t\t\t\t<ol>\n \t<li><strong>M\u00fckemmel Kira Geliri Potansiyeli:<\/strong>\u00a0\u00d6zellikle yaz sezonunda k\u0131sa d\u00f6nem tatil kiralamalar\u0131yla.<\/li>\n \t<li><strong>H\u0131zl\u0131 Gayrimenkul De\u011fer Art\u0131\u015f\u0131:<\/strong>\u00a0Son on y\u0131lda emlak fiyatlar\u0131 istikrarl\u0131 \u015fekilde artm\u0131\u015ft\u0131r.<\/li>\n \t<li><strong>Uluslararas\u0131 Al\u0131c\u0131lar \u0130\u00e7in Cazip:<\/strong>\u00a0Kolay sat\u0131n alma s\u00fcreci ve \u0130ngilizce konu\u015fan hukuki destek.<\/li>\n \t<li><strong>Huzurlu Ya\u015fam Tarz\u0131:<\/strong>\u00a0B\u00fcy\u00fck \u015fehirlerin g\u00fcr\u00fclt\u00fc ve ko\u015fu\u015fturmas\u0131ndan m\u00fckemmel bir ka\u00e7\u0131\u015f.<\/li>\n \t<li><strong>Dalaman Havaliman\u0131na Yak\u0131n:<\/strong>\u00a0Sadece 20 dakika uzakl\u0131kta, y\u0131l boyunca direkt uluslararas\u0131 u\u00e7u\u015flarla.<\/li>\n<\/ol>\n\t\t\t\t\t\t\t\t<\/div>\n\t\t\t\t<\/div>\n\t\t\t\t<div class=\"elementor-element elementor-element-572a3d1 animated-slow elementor-invisible elementor-widget elementor-widget-heading\" data-id=\"572a3d1\" data-element_type=\"widget\" data-e-type=\"widget\" data-settings=\"{&quot;_animation&quot;:&quot;fadeInUp&quot;}\" data-widget_type=\"heading.default\">\n\t\t\t\t<div class=\"elementor-widget-container\">\n\t\t\t\t\t<h2 class=\"elementor-heading-title elementor-size-default\">Ki\u015fiye \u00d6zel Emlak Dan\u0131\u015fmanl\u0131\u011f\u0131\n\n\n\n\n\n\n<\/h2>\t\t\t\t<\/div>\n\t\t\t\t<\/div>\n\t\t\t\t<div class=\"elementor-element elementor-element-6e580d3 animated-slow elementor-invisible elementor-widget elementor-widget-text-editor\" data-id=\"6e580d3\" data-element_type=\"widget\" data-e-type=\"widget\" data-settings=\"{&quot;_animation&quot;:&quot;fadeInUp&quot;,&quot;_animation_delay&quot;:100}\" data-widget_type=\"text-editor.default\">\n\t\t\t\t<div class=\"elementor-widget-container\">\n\t\t\t\t\t\t\t\t\t\u0130htiya\u00e7lar\u0131n\u0131za \u00f6zel, \u00f6zenle se\u00e7ilmi\u015f ilanlar ve uzman tavsiyeler sunuyoruz. Hayalinizdeki tatil evini sat\u0131n almak, deniz kenar\u0131nda yeni bir hayata ba\u015flamak veya ak\u0131ll\u0131ca bir yat\u0131r\u0131m yapmak istiyor olun, ekibimiz her ad\u0131mda size yard\u0131mc\u0131 olmak i\u00e7in burada.\t\t\t\t\t\t\t\t<\/div>\n\t\t\t\t<\/div>\n\t\t\t\t<div class=\"elementor-element elementor-element-79aab09 gallery-spacing-custom animated-slow elementor-invisible elementor-widget elementor-widget-image-gallery\" data-id=\"79aab09\" data-element_type=\"widget\" data-e-type=\"widget\" data-settings=\"{&quot;_animation&quot;:&quot;fadeInUp&quot;}\" data-widget_type=\"image-gallery.default\">\n\t\t\t\t<div class=\"elementor-widget-container\">\n\t\t\t\t\t\t\t<div class=\"elementor-image-gallery\">\n\t\t\t<div id='gallery-1' class='gallery galleryid-8142 gallery-columns-3 gallery-size-full'><figure class='gallery-item'>\n\t\t\t<div class='gallery-icon landscape'>\n\t\t\t\t<a data-elementor-open-lightbox=\"yes\" data-elementor-lightbox-slideshow=\"79aab09\" data-elementor-lightbox-title=\"gocek-1\" data-e-action-hash=\"#elementor-action%3Aaction%3Dlightbox%26settings%3DeyJpZCI6MzU1OCwidXJsIjoiaHR0cHM6XC9cL3d3dy5wcm9wZXJ0aWVzdHVya2V5LmNvbVwvd3AtY29udGVudFwvdXBsb2Fkc1wvMjAyNVwvMDhcL2dvY2VrLTEuanBnIiwic2xpZGVzaG93IjoiNzlhYWIwOSJ9\" href='https:\/\/www.propertiesturkey.com\/wp-content\/uploads\/2025\/08\/gocek-1.jpg'><img fetchpriority=\"high\" decoding=\"async\" width=\"1200\" height=\"800\" src=\"https:\/\/www.propertiesturkey.com\/wp-content\/uploads\/2025\/08\/gocek-1.jpg\" class=\"attachment-full size-full\" alt=\"\" srcset=\"\" \/><\/a>\n\t\t\t<\/div><\/figure><figure class='gallery-item'>\n\t\t\t<div class='gallery-icon landscape'>\n\t\t\t\t<a data-elementor-open-lightbox=\"yes\" data-elementor-lightbox-slideshow=\"79aab09\" data-elementor-lightbox-title=\"gocek-2\" data-e-action-hash=\"#elementor-action%3Aaction%3Dlightbox%26settings%3DeyJpZCI6MzU2MSwidXJsIjoiaHR0cHM6XC9cL3d3dy5wcm9wZXJ0aWVzdHVya2V5LmNvbVwvd3AtY29udGVudFwvdXBsb2Fkc1wvMjAyNVwvMDhcL2dvY2VrLTIuanBnIiwic2xpZGVzaG93IjoiNzlhYWIwOSJ9\" href='https:\/\/www.propertiesturkey.com\/wp-content\/uploads\/2025\/08\/gocek-2.jpg'><img decoding=\"async\" width=\"1200\" height=\"800\" src=\"https:\/\/www.propertiesturkey.com\/wp-content\/uploads\/2025\/08\/gocek-2.jpg\" class=\"attachment-full size-full\" alt=\"\" srcset=\"\" \/><\/a>\n\t\t\t<\/div><\/figure><figure class='gallery-item'>\n\t\t\t<div class='gallery-icon landscape'>\n\t\t\t\t<a data-elementor-open-lightbox=\"yes\" data-elementor-lightbox-slideshow=\"79aab09\" data-elementor-lightbox-title=\"gocek-3\" data-e-action-hash=\"#elementor-action%3Aaction%3Dlightbox%26settings%3DeyJpZCI6MzU2NCwidXJsIjoiaHR0cHM6XC9cL3d3dy5wcm9wZXJ0aWVzdHVya2V5LmNvbVwvd3AtY29udGVudFwvdXBsb2Fkc1wvMjAyNVwvMDhcL2dvY2VrLTMuanBnIiwic2xpZGVzaG93IjoiNzlhYWIwOSJ9\" href='https:\/\/www.propertiesturkey.com\/wp-content\/uploads\/2025\/08\/gocek-3.jpg'><img decoding=\"async\" width=\"1200\" height=\"800\" src=\"https:\/\/www.propertiesturkey.com\/wp-content\/uploads\/2025\/08\/gocek-3.jpg\" class=\"attachment-full size-full\" alt=\"\" srcset=\"\" \/><\/a>\n\t\t\t<\/div><\/figure><figure class='gallery-item'>\n\t\t\t<div class='gallery-icon landscape'>\n\t\t\t\t<a data-elementor-open-lightbox=\"yes\" data-elementor-lightbox-slideshow=\"79aab09\" data-elementor-lightbox-title=\"gocek-4\" data-e-action-hash=\"#elementor-action%3Aaction%3Dlightbox%26settings%3DeyJpZCI6MzU2NywidXJsIjoiaHR0cHM6XC9cL3d3dy5wcm9wZXJ0aWVzdHVya2V5LmNvbVwvd3AtY29udGVudFwvdXBsb2Fkc1wvMjAyNVwvMDhcL2dvY2VrLTQuanBnIiwic2xpZGVzaG93IjoiNzlhYWIwOSJ9\" href='https:\/\/www.propertiesturkey.com\/wp-content\/uploads\/2025\/08\/gocek-4.jpg'><img loading=\"lazy\" decoding=\"async\" width=\"1200\" height=\"800\" src=\"https:\/\/www.propertiesturkey.com\/wp-content\/uploads\/2025\/08\/gocek-4.jpg\" class=\"attachment-full size-full\" alt=\"\" srcset=\"\" \/><\/a>\n\t\t\t<\/div><\/figure><figure class='gallery-item'>\n\t\t\t<div class='gallery-icon landscape'>\n\t\t\t\t<a data-elementor-open-lightbox=\"yes\" data-elementor-lightbox-slideshow=\"79aab09\" data-elementor-lightbox-title=\"gocek-5\" data-e-action-hash=\"#elementor-action%3Aaction%3Dlightbox%26settings%3DeyJpZCI6MzU3MCwidXJsIjoiaHR0cHM6XC9cL3d3dy5wcm9wZXJ0aWVzdHVya2V5LmNvbVwvd3AtY29udGVudFwvdXBsb2Fkc1wvMjAyNVwvMDhcL2dvY2VrLTUuanBnIiwic2xpZGVzaG93IjoiNzlhYWIwOSJ9\" href='https:\/\/www.propertiesturkey.com\/wp-content\/uploads\/2025\/08\/gocek-5.jpg'><img loading=\"lazy\" decoding=\"async\" width=\"1200\" height=\"800\" src=\"https:\/\/www.propertiesturkey.com\/wp-content\/uploads\/2025\/08\/gocek-5.jpg\" class=\"attachment-full size-full\" alt=\"\" srcset=\"\" \/><\/a>\n\t\t\t<\/div><\/figure><figure class='gallery-item'>\n\t\t\t<div class='gallery-icon landscape'>\n\t\t\t\t<a data-elementor-open-lightbox=\"yes\" data-elementor-lightbox-slideshow=\"79aab09\" data-elementor-lightbox-title=\"gocek-6\" data-e-action-hash=\"#elementor-action%3Aaction%3Dlightbox%26settings%3DeyJpZCI6MzU3MywidXJsIjoiaHR0cHM6XC9cL3d3dy5wcm9wZXJ0aWVzdHVya2V5LmNvbVwvd3AtY29udGVudFwvdXBsb2Fkc1wvMjAyNVwvMDhcL2dvY2VrLTYuanBnIiwic2xpZGVzaG93IjoiNzlhYWIwOSJ9\" href='https:\/\/www.propertiesturkey.com\/wp-content\/uploads\/2025\/08\/gocek-6.jpg'><img loading=\"lazy\" decoding=\"async\" width=\"1200\" height=\"800\" src=\"https:\/\/www.propertiesturkey.com\/wp-content\/uploads\/2025\/08\/gocek-6.jpg\" class=\"attachment-full size-full\" alt=\"\" srcset=\"\" \/><\/a>\n\t\t\t<\/div><\/figure>\n\t\t<\/div>\n\t\t<\/div>\n\t\t\t\t\t\t<\/div>\n\t\t\t\t<\/div>\n\t\t\t\t\t<\/div>\n\t\t<\/div>\n\t\t\t\t\t<\/div>\n\t\t<\/section>\n\t\t\t\t<\/div>\n\t\t","protected":false},"excerpt":{"rendered":"<p>G\u00f6cek: T\u00fcrk Rivieras\u0131\u2019nda Sakin Ya\u015fam ve \u00dcst D\u00fczey Gayrimenkul G\u00f6cek, T\u00fcrkiye\u2019nin Mu\u011fla iline ba\u011fl\u0131 Fethiye il\u00e7esinde k\u00fc\u00e7\u00fck ama d\u00fcnyaca \u00fcnl\u00fc bir sahil kasabas\u0131d\u0131r. Yemye\u015fil \u00e7amlarla kapl\u0131 tepeler ile Akdeniz\u2019in turkuaz sular\u0131 aras\u0131nda yer alan G\u00f6cek, huzurlu bir ya\u015fam, l\u00fcks m\u00fclkler ve karl\u0131 gayrimenkul yat\u0131r\u0131m f\u0131rsatlar\u0131 arayanlar i\u00e7in \u00f6nemli bir destinasyon haline gelmi\u015ftir. \u26f5 Bir Yat\u00e7\u0131l\u0131k [&hellip;]<\/p>\n","protected":false},"author":1,"featured_media":0,"parent":0,"menu_order":0,"comment_status":"closed","ping_status":"closed","template":"template\/template-page.php","meta":{"footnotes":""},"class_list":["post-8142","page","type-page","status-publish","hentry"],"_links":{"self":[{"href":"https:\/\/www.propertiesturkey.com\/tr\/wp-json\/wp\/v2\/pages\/8142","targetHints":{"allow":["GET"]}}],"collection":[{"href":"https:\/\/www.propertiesturkey.com\/tr\/wp-json\/wp\/v2\/pages"}],"about":[{"href":"https:\/\/www.propertiesturkey.com\/tr\/wp-json\/wp\/v2\/types\/page"}],"author":[{"embeddable":true,"href":"https:\/\/www.propertiesturkey.com\/tr\/wp-json\/wp\/v2\/users\/1"}],"replies":[{"embeddable":true,"href":"https:\/\/www.propertiesturkey.com\/tr\/wp-json\/wp\/v2\/comments?post=8142"}],"version-history":[{"count":7,"href":"https:\/\/www.propertiesturkey.com\/tr\/wp-json\/wp\/v2\/pages\/8142\/revisions"}],"predecessor-version":[{"id":8150,"href":"https:\/\/www.propertiesturkey.com\/tr\/wp-json\/wp\/v2\/pages\/8142\/revisions\/8150"}],"wp:attachment":[{"href":"https:\/\/www.propertiesturkey.com\/tr\/wp-json\/wp\/v2\/media?parent=8142"}],"curies":[{"name":"wp","href":"https:\/\/api.w.org\/{rel}","templated":true}]}}