{"id":8151,"date":"2025-08-11T13:14:39","date_gmt":"2025-08-11T10:14:39","guid":{"rendered":"https:\/\/www.propertiesturkey.com\/calis-beach-the-home-of-sunsets-the-start-of-a-new-life\/"},"modified":"2025-10-28T16:22:48","modified_gmt":"2025-10-28T13:22:48","slug":"calis-plaji-hakkinda-gayrimenkul-bolge-rehberi","status":"publish","type":"page","link":"https:\/\/www.propertiesturkey.com\/tr\/calis-plaji-hakkinda-gayrimenkul-bolge-rehberi\/","title":{"rendered":"\u00c7al\u0131\u015f Plaj\u0131 Hakk\u0131nda &#8211; Gayrimenkul B\u00f6lge Rehberi"},"content":{"rendered":"\t\t<div data-elementor-type=\"wp-post\" data-elementor-id=\"8151\" class=\"elementor elementor-8151 elementor-3372\">\n\t\t\t\t\t\t<section class=\"elementor-section elementor-top-section elementor-element elementor-element-cc284a1 elementor-section-boxed elementor-section-height-default elementor-section-height-default elementor-invisible\" data-id=\"cc284a1\" data-element_type=\"section\" data-e-type=\"section\" data-settings=\"{&quot;animation&quot;:&quot;fadeIn&quot;,&quot;background_background&quot;:&quot;classic&quot;}\">\n\t\t\t\t\t\t<div class=\"elementor-container elementor-column-gap-default\">\n\t\t\t\t\t<div class=\"elementor-column elementor-col-100 elementor-top-column elementor-element elementor-element-00f0c9e\" data-id=\"00f0c9e\" data-element_type=\"column\" data-e-type=\"column\">\n\t\t\t<div class=\"elementor-widget-wrap elementor-element-populated\">\n\t\t\t\t\t\t<div class=\"elementor-element elementor-element-5911b43 animated-slow elementor-invisible elementor-widget elementor-widget-heading\" data-id=\"5911b43\" data-element_type=\"widget\" data-e-type=\"widget\" data-settings=\"{&quot;_animation&quot;:&quot;fadeInUp&quot;}\" data-widget_type=\"heading.default\">\n\t\t\t\t<div class=\"elementor-widget-container\">\n\t\t\t\t\t<h2 class=\"elementor-heading-title elementor-size-default\">\u00c7al\u0131\u015f Plaj\u0131: G\u00fcn Bat\u0131mlar\u0131n\u0131n Evi, Yeni Bir Hayat\u0131n Ba\u015flang\u0131c\u0131\n<\/h2>\t\t\t\t<\/div>\n\t\t\t\t<\/div>\n\t\t\t\t<div class=\"elementor-element elementor-element-d50fa38 elementor-widget elementor-widget-houzez_elementor_section_title\" data-id=\"d50fa38\" data-element_type=\"widget\" data-e-type=\"widget\" data-widget_type=\"houzez_elementor_section_title.default\">\n\t\t\t\t<div class=\"elementor-widget-container\">\n\t\t\t\t\t            <div class=\"houzez_section_title_wrap section-title-module\">\n                \n                                    <p class=\"houzez_section_subtitle\">Fethiye'nin bat\u0131 ucunda, Akdeniz\u2019in alt\u0131n k\u0131y\u0131lar\u0131 boyunca uzanan \u00c7al\u0131\u015f Plaj\u0131, sadece bir tatil destinasyonu de\u011fil \u2014 her g\u00fcn denizin ritmiyle uyanmay\u0131 hayal edenler i\u00e7in bir yerdir.\nBurada hayat acele etmez. Dalga seslerine ve g\u00fcn bat\u0131m\u0131n\u0131n renklerine do\u011fru akar\u2026\nHere, life doesn\u2019t rush. It flows\u2026 to the sound of the waves and the colors of the sunset.\n<\/p>\n                            <\/div>\n            \t\t\t\t<\/div>\n\t\t\t\t<\/div>\n\t\t\t\t<div class=\"elementor-element elementor-element-911065b animated-slow elementor-invisible elementor-widget elementor-widget-heading\" data-id=\"911065b\" data-element_type=\"widget\" data-e-type=\"widget\" data-settings=\"{&quot;_animation&quot;:&quot;fadeInUp&quot;}\" data-widget_type=\"heading.default\">\n\t\t\t\t<div class=\"elementor-widget-container\">\n\t\t\t\t\t<h2 class=\"elementor-heading-title elementor-size-default\">Neden \u00c7al\u0131\u015f Plaj\u0131'n\u0131 Tercih Etmelisiniz?<\/h2>\t\t\t\t<\/div>\n\t\t\t\t<\/div>\n\t\t\t\t<div class=\"elementor-element elementor-element-a31fd8d animated-slow elementor-invisible elementor-widget elementor-widget-text-editor\" data-id=\"a31fd8d\" data-element_type=\"widget\" data-e-type=\"widget\" data-settings=\"{&quot;_animation&quot;:&quot;fadeInUp&quot;,&quot;_animation_delay&quot;:100}\" data-widget_type=\"text-editor.default\">\n\t\t\t\t<div class=\"elementor-widget-container\">\n\t\t\t\t\t\t\t\t\t\u00c7\u00fcnk\u00fc burada sadece bir ev sat\u0131n almakla kalmaz \u2014 <strong>bir ya\u015fam tarz\u0131na<\/strong> yat\u0131r\u0131m yapars\u0131n\u0131z. Palmiye a\u011fa\u00e7lar\u0131yla \u00e7evrili y\u00fcr\u00fcy\u00fc\u015f yollar\u0131, bisiklet yollar\u0131, deniz kenar\u0131ndaki kafeler ve restoranlar ile uzun ve davetkar bir plaj, \u00c7al\u0131\u015f\u2019\u0131 hem tatilciler hem de y\u0131l boyunca ya\u015fayanlar i\u00e7in m\u00fckemmel k\u0131lar.\n\nBa\u015fka yerde nadir bulunan bir <strong>do\u011fa, konfor ve pratiklik<\/strong> birle\u015fimi sunar.\n\n<strong>\u2600\ufe0f<\/strong><strong> Fethiye\u2019nin En Dengeli ve Eri\u015filebilir B\u00f6lgelerinden Biri<\/strong>\n<ul>\n \t<li>Sadece <strong>10 dakika \u015fehir merkezine<\/strong><\/li>\n \t<li>Yaln\u0131zca <strong>40 dakika Dalaman Havaliman\u0131\u2019na<\/strong><\/li>\n \t<li>Yak\u0131ndaki <strong>marketler, eczaneler, hastaneler ve okullar<\/strong> ile g\u00fcnl\u00fck ya\u015fam kolay<\/li>\n<\/ul>\nBu \u00f6zellikleriyle \u00c7al\u0131\u015f, sadece bir yaz ka\u00e7ama\u011f\u0131 de\u011fil, <strong>ger\u00e7ek bir d\u00f6rt mevsim ya\u015fam ortam\u0131<\/strong> sunar.\n\t\t\t\t\t\t\t\t<\/div>\n\t\t\t\t<\/div>\n\t\t\t\t<div class=\"elementor-element elementor-element-6901c4e animated-slow elementor-invisible elementor-widget elementor-widget-heading\" data-id=\"6901c4e\" data-element_type=\"widget\" data-e-type=\"widget\" data-settings=\"{&quot;_animation&quot;:&quot;fadeInUp&quot;}\" data-widget_type=\"heading.default\">\n\t\t\t\t<div class=\"elementor-widget-container\">\n\t\t\t\t\t<h2 class=\"elementor-heading-title elementor-size-default\">Do\u011fa, Deniz ve \u015eehir Hayat\u0131n\u0131n Bir Arada Oldu\u011fu Yer\n<\/h2>\t\t\t\t<\/div>\n\t\t\t\t<\/div>\n\t\t\t\t<div class=\"elementor-element elementor-element-8065d73 animated-slow elementor-invisible elementor-widget elementor-widget-text-editor\" data-id=\"8065d73\" data-element_type=\"widget\" data-e-type=\"widget\" data-settings=\"{&quot;_animation&quot;:&quot;fadeInUp&quot;,&quot;_animation_delay&quot;:100}\" data-widget_type=\"text-editor.default\">\n\t\t\t\t<div class=\"elementor-widget-container\">\n\t\t\t\t\t\t\t\t\t\u00c7al\u0131\u015f, Akdeniz\u2019in en b\u00fcy\u00fcleyici g\u00fcn bat\u0131mlar\u0131ndan birine ev sahipli\u011fi yapmas\u0131yla \u00fcnl\u00fcd\u00fcr. Bu sadece foto\u011fraflarda g\u00f6rd\u00fc\u011f\u00fcn\u00fcz bir \u015fey de\u011fildir \u2014 <strong>her ak\u015fam bunu ya\u015fars\u0131n\u0131z<\/strong>.\n\nAncak as\u0131l g\u00fcc\u00fc ya\u015fanabilirli\u011finde yatar:\n<ul>\n \t<li>Denize sadece birka\u00e7 ad\u0131m mesafede \u00e7a\u011fda\u015f daireler ve villalar<\/li>\n \t<li>Geni\u015f balkonlar ve panoramik teraslar<\/li>\n \t<li>Modern dokunu\u015flarla al\u00e7ak katl\u0131, ferah mimari<\/li>\n \t<li>R\u00fczgar s\u00f6rf\u00fc, paddleboard ve bisiklet gibi aktif ya\u015fam se\u00e7enekleri<\/li>\n<\/ul>\n\t\t\t\t\t\t\t\t<\/div>\n\t\t\t\t<\/div>\n\t\t\t\t<div class=\"elementor-element elementor-element-572a3d1 animated-slow elementor-invisible elementor-widget elementor-widget-heading\" data-id=\"572a3d1\" data-element_type=\"widget\" data-e-type=\"widget\" data-settings=\"{&quot;_animation&quot;:&quot;fadeInUp&quot;}\" data-widget_type=\"heading.default\">\n\t\t\t\t<div class=\"elementor-widget-container\">\n\t\t\t\t\t<h2 class=\"elementor-heading-title elementor-size-default\">\u00c7al\u0131\u015f\u2019ta Gayrimenkul Sat\u0131n Alman\u0131n Avantajlar\u0131\n<\/h2>\t\t\t\t<\/div>\n\t\t\t\t<\/div>\n\t\t\t\t<div class=\"elementor-element elementor-element-6e580d3 animated-slow elementor-invisible elementor-widget elementor-widget-text-editor\" data-id=\"6e580d3\" data-element_type=\"widget\" data-e-type=\"widget\" data-settings=\"{&quot;_animation&quot;:&quot;fadeInUp&quot;,&quot;_animation_delay&quot;:100}\" data-widget_type=\"text-editor.default\">\n\t\t\t\t<div class=\"elementor-widget-container\">\n\t\t\t\t\t\t\t\t\t\u2714\ufe0f\u00a0<strong>G\u00fc\u00e7l\u00fc Yat\u0131r\u0131m Potansiyeli<\/strong>: Hem k\u0131sa hem uzun d\u00f6nem kiralama talebi y\u00fcksek  \n\u2714\ufe0f\u00a0<strong>Uluslararas\u0131 Cazibe<\/strong>: Avrupa ve \u00f6tesinden al\u0131c\u0131lar i\u00e7in pop\u00fcler  \n\u2714\ufe0f\u00a0<strong>Planl\u0131 Geli\u015fim<\/strong>: Planl\u0131 altyap\u0131 ve ye\u015fil alanlar s\u00fcrd\u00fcr\u00fclebilir ya\u015fam\u0131 destekler  \n\u2714\ufe0f\u00a0<strong>Il\u0131ml\u0131 \u0130klim<\/strong>: Yaz\u0131n deniz esintisi, k\u0131\u015f\u0131n \u0131l\u0131man s\u0131cakl\u0131klar \u2014 y\u0131l boyunca ya\u015fam i\u00e7in ideal  \n\u2714\ufe0f\u00a0<strong>G\u00fcvenli ve Dost Canl\u0131s\u0131 Topluluk<\/strong>: G\u00fc\u00e7l\u00fc bir aidiyet duygusuyla sakin, \u00e7ok k\u00fclt\u00fcrl\u00fc bir ortam\n\t\t\t\t\t\t\t\t<\/div>\n\t\t\t\t<\/div>\n\t\t\t\t<div class=\"elementor-element elementor-element-62eb937 animated-slow elementor-invisible elementor-widget elementor-widget-heading\" data-id=\"62eb937\" data-element_type=\"widget\" data-e-type=\"widget\" data-settings=\"{&quot;_animation&quot;:&quot;fadeInUp&quot;}\" data-widget_type=\"heading.default\">\n\t\t\t\t<div class=\"elementor-widget-container\">\n\t\t\t\t\t<h2 class=\"elementor-heading-title elementor-size-default\">Hayat\u0131n Yava\u015flad\u0131\u011f\u0131 Bir Yer \u2014 En G\u00fczel \u015eekilde\n<\/h2>\t\t\t\t<\/div>\n\t\t\t\t<\/div>\n\t\t\t\t<div class=\"elementor-element elementor-element-e80275f animated-slow elementor-invisible elementor-widget elementor-widget-text-editor\" data-id=\"e80275f\" data-element_type=\"widget\" data-e-type=\"widget\" data-settings=\"{&quot;_animation&quot;:&quot;fadeInUp&quot;,&quot;_animation_delay&quot;:100}\" data-widget_type=\"text-editor.default\">\n\t\t\t\t<div class=\"elementor-widget-container\">\n\t\t\t\t\t\t\t\t\t\u00c7al\u0131\u015f Plaj\u0131, sabah y\u00fcr\u00fcy\u00fc\u015f\u00e7\u00fcleri, bisiklet s\u00fcren \u00e7ocuklar, sahilde kahve yudumlayan kom\u015fularla doludur. <strong>Burada kimse acele etmiyor<\/strong> \u2014 \u00e7\u00fcnk\u00fc hayat yava\u015f ve anlaml\u0131 bir \u015fekilde akar, olmas\u0131 gerekti\u011fi gibi.\n\t\t\t\t\t\t\t\t<\/div>\n\t\t\t\t<\/div>\n\t\t\t\t<div class=\"elementor-element elementor-element-9ab4f01 gallery-spacing-custom animated-slow elementor-invisible elementor-widget elementor-widget-image-gallery\" data-id=\"9ab4f01\" data-element_type=\"widget\" data-e-type=\"widget\" data-settings=\"{&quot;_animation&quot;:&quot;fadeInUp&quot;}\" data-widget_type=\"image-gallery.default\">\n\t\t\t\t<div class=\"elementor-widget-container\">\n\t\t\t\t\t\t\t<div class=\"elementor-image-gallery\">\n\t\t\t<div id='gallery-1' class='gallery galleryid-8151 gallery-columns-3 gallery-size-full'><figure class='gallery-item'>\n\t\t\t<div class='gallery-icon landscape'>\n\t\t\t\t<a data-elementor-open-lightbox=\"yes\" data-elementor-lightbox-slideshow=\"9ab4f01\" data-elementor-lightbox-title=\"calis-1\" data-e-action-hash=\"#elementor-action%3Aaction%3Dlightbox%26settings%3DeyJpZCI6MzU4MiwidXJsIjoiaHR0cHM6XC9cL3d3dy5wcm9wZXJ0aWVzdHVya2V5LmNvbVwvd3AtY29udGVudFwvdXBsb2Fkc1wvMjAyNVwvMDhcL2NhbGlzLTEuanBnIiwic2xpZGVzaG93IjoiOWFiNGYwMSJ9\" href='https:\/\/www.propertiesturkey.com\/wp-content\/uploads\/2025\/08\/calis-1.jpg'><img fetchpriority=\"high\" decoding=\"async\" width=\"1200\" height=\"800\" src=\"https:\/\/www.propertiesturkey.com\/wp-content\/uploads\/2025\/08\/calis-1.jpg\" class=\"attachment-full size-full\" alt=\"\" srcset=\"\" \/><\/a>\n\t\t\t<\/div><\/figure><figure class='gallery-item'>\n\t\t\t<div class='gallery-icon landscape'>\n\t\t\t\t<a data-elementor-open-lightbox=\"yes\" data-elementor-lightbox-slideshow=\"9ab4f01\" data-elementor-lightbox-title=\"calis-2\" data-e-action-hash=\"#elementor-action%3Aaction%3Dlightbox%26settings%3DeyJpZCI6MzU4NSwidXJsIjoiaHR0cHM6XC9cL3d3dy5wcm9wZXJ0aWVzdHVya2V5LmNvbVwvd3AtY29udGVudFwvdXBsb2Fkc1wvMjAyNVwvMDhcL2NhbGlzLTIuanBnIiwic2xpZGVzaG93IjoiOWFiNGYwMSJ9\" href='https:\/\/www.propertiesturkey.com\/wp-content\/uploads\/2025\/08\/calis-2.jpg'><img decoding=\"async\" width=\"1200\" height=\"800\" src=\"https:\/\/www.propertiesturkey.com\/wp-content\/uploads\/2025\/08\/calis-2.jpg\" class=\"attachment-full size-full\" alt=\"\" srcset=\"\" \/><\/a>\n\t\t\t<\/div><\/figure><figure class='gallery-item'>\n\t\t\t<div class='gallery-icon landscape'>\n\t\t\t\t<a data-elementor-open-lightbox=\"yes\" data-elementor-lightbox-slideshow=\"9ab4f01\" data-elementor-lightbox-title=\"calis-3\" data-e-action-hash=\"#elementor-action%3Aaction%3Dlightbox%26settings%3DeyJpZCI6MzU4OCwidXJsIjoiaHR0cHM6XC9cL3d3dy5wcm9wZXJ0aWVzdHVya2V5LmNvbVwvd3AtY29udGVudFwvdXBsb2Fkc1wvMjAyNVwvMDhcL2NhbGlzLTMuanBnIiwic2xpZGVzaG93IjoiOWFiNGYwMSJ9\" href='https:\/\/www.propertiesturkey.com\/wp-content\/uploads\/2025\/08\/calis-3.jpg'><img decoding=\"async\" width=\"1200\" height=\"800\" src=\"https:\/\/www.propertiesturkey.com\/wp-content\/uploads\/2025\/08\/calis-3.jpg\" class=\"attachment-full size-full\" alt=\"\" srcset=\"\" \/><\/a>\n\t\t\t<\/div><\/figure><figure class='gallery-item'>\n\t\t\t<div class='gallery-icon landscape'>\n\t\t\t\t<a data-elementor-open-lightbox=\"yes\" data-elementor-lightbox-slideshow=\"9ab4f01\" data-elementor-lightbox-title=\"calis-4\" data-e-action-hash=\"#elementor-action%3Aaction%3Dlightbox%26settings%3DeyJpZCI6MzU5MSwidXJsIjoiaHR0cHM6XC9cL3d3dy5wcm9wZXJ0aWVzdHVya2V5LmNvbVwvd3AtY29udGVudFwvdXBsb2Fkc1wvMjAyNVwvMDhcL2NhbGlzLTQuanBnIiwic2xpZGVzaG93IjoiOWFiNGYwMSJ9\" href='https:\/\/www.propertiesturkey.com\/wp-content\/uploads\/2025\/08\/calis-4.jpg'><img loading=\"lazy\" decoding=\"async\" width=\"1200\" height=\"800\" src=\"https:\/\/www.propertiesturkey.com\/wp-content\/uploads\/2025\/08\/calis-4.jpg\" class=\"attachment-full size-full\" alt=\"\" srcset=\"\" \/><\/a>\n\t\t\t<\/div><\/figure><figure class='gallery-item'>\n\t\t\t<div class='gallery-icon landscape'>\n\t\t\t\t<a data-elementor-open-lightbox=\"yes\" data-elementor-lightbox-slideshow=\"9ab4f01\" data-elementor-lightbox-title=\"calis-5\" data-e-action-hash=\"#elementor-action%3Aaction%3Dlightbox%26settings%3DeyJpZCI6MzU5NCwidXJsIjoiaHR0cHM6XC9cL3d3dy5wcm9wZXJ0aWVzdHVya2V5LmNvbVwvd3AtY29udGVudFwvdXBsb2Fkc1wvMjAyNVwvMDhcL2NhbGlzLTUuanBnIiwic2xpZGVzaG93IjoiOWFiNGYwMSJ9\" href='https:\/\/www.propertiesturkey.com\/wp-content\/uploads\/2025\/08\/calis-5.jpg'><img loading=\"lazy\" decoding=\"async\" width=\"1200\" height=\"800\" src=\"https:\/\/www.propertiesturkey.com\/wp-content\/uploads\/2025\/08\/calis-5.jpg\" class=\"attachment-full size-full\" alt=\"\" srcset=\"\" \/><\/a>\n\t\t\t<\/div><\/figure><figure class='gallery-item'>\n\t\t\t<div class='gallery-icon landscape'>\n\t\t\t\t<a data-elementor-open-lightbox=\"yes\" data-elementor-lightbox-slideshow=\"9ab4f01\" data-elementor-lightbox-title=\"calis-6\" data-e-action-hash=\"#elementor-action%3Aaction%3Dlightbox%26settings%3DeyJpZCI6MzU5NywidXJsIjoiaHR0cHM6XC9cL3d3dy5wcm9wZXJ0aWVzdHVya2V5LmNvbVwvd3AtY29udGVudFwvdXBsb2Fkc1wvMjAyNVwvMDhcL2NhbGlzLTYuanBnIiwic2xpZGVzaG93IjoiOWFiNGYwMSJ9\" href='https:\/\/www.propertiesturkey.com\/wp-content\/uploads\/2025\/08\/calis-6.jpg'><img loading=\"lazy\" decoding=\"async\" width=\"1200\" height=\"800\" src=\"https:\/\/www.propertiesturkey.com\/wp-content\/uploads\/2025\/08\/calis-6.jpg\" class=\"attachment-full size-full\" alt=\"\" srcset=\"\" \/><\/a>\n\t\t\t<\/div><\/figure>\n\t\t<\/div>\n\t\t<\/div>\n\t\t\t\t\t\t<\/div>\n\t\t\t\t<\/div>\n\t\t\t\t\t<\/div>\n\t\t<\/div>\n\t\t\t\t\t<\/div>\n\t\t<\/section>\n\t\t\t\t<\/div>\n\t\t","protected":false},"excerpt":{"rendered":"<p>\u00c7al\u0131\u015f Plaj\u0131: G\u00fcn Bat\u0131mlar\u0131n\u0131n Evi, Yeni Bir Hayat\u0131n Ba\u015flang\u0131c\u0131 Fethiye&#8217;nin bat\u0131 ucunda, Akdeniz\u2019in alt\u0131n k\u0131y\u0131lar\u0131 boyunca uzanan \u00c7al\u0131\u015f Plaj\u0131, sadece bir tatil destinasyonu de\u011fil \u2014 her g\u00fcn denizin ritmiyle uyanmay\u0131 hayal edenler i\u00e7in bir yerdir. Burada hayat acele etmez. Dalga seslerine ve g\u00fcn bat\u0131m\u0131n\u0131n renklerine do\u011fru akar\u2026 Here, life doesn\u2019t rush. It flows\u2026 to the [&hellip;]<\/p>\n","protected":false},"author":1,"featured_media":0,"parent":0,"menu_order":0,"comment_status":"closed","ping_status":"closed","template":"template\/template-page.php","meta":{"footnotes":""},"class_list":["post-8151","page","type-page","status-publish","hentry"],"_links":{"self":[{"href":"https:\/\/www.propertiesturkey.com\/tr\/wp-json\/wp\/v2\/pages\/8151","targetHints":{"allow":["GET"]}}],"collection":[{"href":"https:\/\/www.propertiesturkey.com\/tr\/wp-json\/wp\/v2\/pages"}],"about":[{"href":"https:\/\/www.propertiesturkey.com\/tr\/wp-json\/wp\/v2\/types\/page"}],"author":[{"embeddable":true,"href":"https:\/\/www.propertiesturkey.com\/tr\/wp-json\/wp\/v2\/users\/1"}],"replies":[{"embeddable":true,"href":"https:\/\/www.propertiesturkey.com\/tr\/wp-json\/wp\/v2\/comments?post=8151"}],"version-history":[{"count":4,"href":"https:\/\/www.propertiesturkey.com\/tr\/wp-json\/wp\/v2\/pages\/8151\/revisions"}],"predecessor-version":[{"id":8155,"href":"https:\/\/www.propertiesturkey.com\/tr\/wp-json\/wp\/v2\/pages\/8151\/revisions\/8155"}],"wp:attachment":[{"href":"https:\/\/www.propertiesturkey.com\/tr\/wp-json\/wp\/v2\/media?parent=8151"}],"curies":[{"name":"wp","href":"https:\/\/api.w.org\/{rel}","templated":true}]}}