{"id":8157,"date":"2025-08-11T13:41:51","date_gmt":"2025-08-11T10:41:51","guid":{"rendered":"https:\/\/www.propertiesturkey.com\/about-oludeniz-ovacik-hisaronu-real-estate-area-guide\/"},"modified":"2025-10-28T16:28:46","modified_gmt":"2025-10-28T13:28:46","slug":"oludeniz-ovacik-ve-hisaronu-hakkinda-gayrimenkul-bolge-rehberi","status":"publish","type":"page","link":"https:\/\/www.propertiesturkey.com\/tr\/oludeniz-ovacik-ve-hisaronu-hakkinda-gayrimenkul-bolge-rehberi\/","title":{"rendered":"\u00d6l\u00fcdeniz, Ovac\u0131k ve Hisar\u00f6n\u00fc Hakk\u0131nda &#8211; Gayrimenkul B\u00f6lge Rehberi"},"content":{"rendered":"\t\t<div data-elementor-type=\"wp-post\" data-elementor-id=\"8157\" class=\"elementor elementor-8157 elementor-3408\">\n\t\t\t\t\t\t<section class=\"elementor-section elementor-top-section elementor-element elementor-element-cc284a1 elementor-section-boxed elementor-section-height-default elementor-section-height-default elementor-invisible\" data-id=\"cc284a1\" data-element_type=\"section\" data-e-type=\"section\" data-settings=\"{&quot;animation&quot;:&quot;fadeIn&quot;,&quot;background_background&quot;:&quot;classic&quot;}\">\n\t\t\t\t\t\t<div class=\"elementor-container elementor-column-gap-default\">\n\t\t\t\t\t<div class=\"elementor-column elementor-col-100 elementor-top-column elementor-element elementor-element-00f0c9e\" data-id=\"00f0c9e\" data-element_type=\"column\" data-e-type=\"column\">\n\t\t\t<div class=\"elementor-widget-wrap elementor-element-populated\">\n\t\t\t\t\t\t<div class=\"elementor-element elementor-element-5911b43 animated-slow elementor-invisible elementor-widget elementor-widget-heading\" data-id=\"5911b43\" data-element_type=\"widget\" data-e-type=\"widget\" data-settings=\"{&quot;_animation&quot;:&quot;fadeInUp&quot;}\" data-widget_type=\"heading.default\">\n\t\t\t\t<div class=\"elementor-widget-container\">\n\t\t\t\t\t<h2 class=\"elementor-heading-title elementor-size-default\">\u00d6l\u00fcdeniz, Ovac\u0131k ve Hisar\u00f6n\u00fc: Hayalinizdeki Hayat\u0131n Ba\u015flad\u0131\u011f\u0131 Yer<\/h2>\t\t\t\t<\/div>\n\t\t\t\t<\/div>\n\t\t\t\t<div class=\"elementor-element elementor-element-a31fd8d animated-slow elementor-invisible elementor-widget elementor-widget-text-editor\" data-id=\"a31fd8d\" data-element_type=\"widget\" data-e-type=\"widget\" data-settings=\"{&quot;_animation&quot;:&quot;fadeInUp&quot;,&quot;_animation_delay&quot;:100}\" data-widget_type=\"text-editor.default\">\n\t\t\t\t<div class=\"elementor-widget-container\">\n\t\t\t\t\t\t\t\t\tG\u00fcneybat\u0131 T\u00fcrkiye\u2019de Toros Da\u011flar\u0131\u2019n\u0131n eteklerine saklanm\u0131\u015f \u00fc\u00e7 benzersiz b\u00f6lge sizi bekliyor\u2026 \u00d6l\u00fcdeniz\u2019in b\u00fcy\u00fcleyici lag\u00fcn\u00fc, Ovac\u0131k\u2019\u0131n ferahlat\u0131c\u0131 da\u011f esintisi ve Hisar\u00f6n\u00fc\u2019n\u00fcn canl\u0131 enerjisi yaln\u0131zca bir ya\u015fam alan\u0131 sunmakla kalmaz, ayn\u0131 zamanda <strong>unutulmaz bir ya\u015fam tarz\u0131 ve ak\u0131ll\u0131 bir yat\u0131r\u0131m f\u0131rsat\u0131<\/strong> da sa\u011flar.\n\t\t\t\t\t\t\t\t<\/div>\n\t\t\t\t<\/div>\n\t\t\t\t<div class=\"elementor-element elementor-element-6901c4e animated-slow elementor-invisible elementor-widget elementor-widget-heading\" data-id=\"6901c4e\" data-element_type=\"widget\" data-e-type=\"widget\" data-settings=\"{&quot;_animation&quot;:&quot;fadeInUp&quot;}\" data-widget_type=\"heading.default\">\n\t\t\t\t<div class=\"elementor-widget-container\">\n\t\t\t\t\t<h2 class=\"elementor-heading-title elementor-size-default\">Neden Bu B\u00f6lge?<\/h2>\t\t\t\t<\/div>\n\t\t\t\t<\/div>\n\t\t\t\t<div class=\"elementor-element elementor-element-8065d73 animated-slow elementor-invisible elementor-widget elementor-widget-text-editor\" data-id=\"8065d73\" data-element_type=\"widget\" data-e-type=\"widget\" data-settings=\"{&quot;_animation&quot;:&quot;fadeInUp&quot;,&quot;_animation_delay&quot;:100}\" data-widget_type=\"text-editor.default\">\n\t\t\t\t<div class=\"elementor-widget-container\">\n\t\t\t\t\t\t\t\t\t\u00c7\u00fcnk\u00fc burada sadece bir m\u00fclk sat\u0131n almakla kalmaz \u2014 <strong>bir ya\u015fam tarz\u0131n\u0131 benimsemi\u015f olursunuz<\/strong>. Turkuaz sulara uyanmak, ku\u015f c\u0131v\u0131lt\u0131lar\u0131 e\u015fli\u011finde kahvalt\u0131 yapmak, \u00e7am a\u011fa\u00e7lar\u0131 aras\u0131ndan g\u00fcn bat\u0131m\u0131n\u0131 izlemek\u2026 Bunlar burada nadir anlar de\u011fil; g\u00fcnl\u00fck ya\u015fam\u0131n bir par\u00e7as\u0131d\u0131r.\n\t\t\t\t\t\t\t\t<\/div>\n\t\t\t\t<\/div>\n\t\t\t\t<div class=\"elementor-element elementor-element-572a3d1 animated-slow elementor-invisible elementor-widget elementor-widget-heading\" data-id=\"572a3d1\" data-element_type=\"widget\" data-e-type=\"widget\" data-settings=\"{&quot;_animation&quot;:&quot;fadeInUp&quot;}\" data-widget_type=\"heading.default\">\n\t\t\t\t<div class=\"elementor-widget-container\">\n\t\t\t\t\t<h2 class=\"elementor-heading-title elementor-size-default\">\u00d6l\u00fcdeniz: Do\u011fan\u0131n Sessiz Ba\u015f Yap\u0131t\u0131\n\n\n\n\n\n\n<\/h2>\t\t\t\t<\/div>\n\t\t\t\t<\/div>\n\t\t\t\t<div class=\"elementor-element elementor-element-6e580d3 animated-slow elementor-invisible elementor-widget elementor-widget-text-editor\" data-id=\"6e580d3\" data-element_type=\"widget\" data-e-type=\"widget\" data-settings=\"{&quot;_animation&quot;:&quot;fadeInUp&quot;,&quot;_animation_delay&quot;:100}\" data-widget_type=\"text-editor.default\">\n\t\t\t\t<div class=\"elementor-widget-container\">\n\t\t\t\t\t\t\t\t\tD\u00fcnya \u00e7ap\u0131nda \u00fcnl\u00fc \u00d6l\u00fcdeniz, sadece bir turistik cazibe noktas\u0131 de\u011fil \u2014 T\u00fcrkiye\u2019nin en huzurlu ve korunan yerle\u015fim alanlar\u0131ndan biridir. Ulusal park olarak belirlenen lag\u00fcn\u00fc, s\u0131k\u0131 yap\u0131 y\u00f6netmelikleri sayesinde bozulmam\u0131\u015f durumda. Bu da \u015funlar\u0131 sa\u011flar:\n<ul>\n \t<li><strong>Y\u0131l y\u0131l de\u011fer kazanan nadir m\u00fclkler<\/strong><\/li>\n \t<li><strong>Do\u011fayla i\u00e7 i\u00e7e deniz kenar\u0131 villalar<\/strong><\/li>\n \t<li><strong>Y\u00fcksek kira potansiyeli<\/strong>, \u00f6zellikle yaz sezonunda<\/li>\n<\/ul>\n\t\t\t\t\t\t\t\t<\/div>\n\t\t\t\t<\/div>\n\t\t\t\t<div class=\"elementor-element elementor-element-62eb937 animated-slow elementor-invisible elementor-widget elementor-widget-heading\" data-id=\"62eb937\" data-element_type=\"widget\" data-e-type=\"widget\" data-settings=\"{&quot;_animation&quot;:&quot;fadeInUp&quot;}\" data-widget_type=\"heading.default\">\n\t\t\t\t<div class=\"elementor-widget-container\">\n\t\t\t\t\t<h2 class=\"elementor-heading-title elementor-size-default\">Ovac\u0131k: Serin Hava, Sakin Ya\u015fam, Temiz Do\u011fa\n<\/h2>\t\t\t\t<\/div>\n\t\t\t\t<\/div>\n\t\t\t\t<div class=\"elementor-element elementor-element-e80275f animated-slow elementor-invisible elementor-widget elementor-widget-text-editor\" data-id=\"e80275f\" data-element_type=\"widget\" data-e-type=\"widget\" data-settings=\"{&quot;_animation&quot;:&quot;fadeInUp&quot;,&quot;_animation_delay&quot;:100}\" data-widget_type=\"text-editor.default\">\n\t\t\t\t<div class=\"elementor-widget-container\">\n\t\t\t\t\t\t\t\t\t\u00d6l\u00fcdeniz\u2019e sadece 5 dakika uzakl\u0131ktaki Ovac\u0131k, tamamen farkl\u0131 bir atmosfer sunar. En s\u0131cak yaz aylar\u0131nda bile da\u011flardan gelen serin esinti, klima kullan\u0131m\u0131n\u0131 neredeyse gereksiz k\u0131lar. Ovac\u0131k\u2019ta ya\u015famak \u015funlar\u0131 ifade eder:\n<ul>\n \t<li><strong>Traffik, kalabal\u0131k ve g\u00fcr\u00fclt\u00fcden uzak huzurlu bir ya\u015fam<\/strong><\/li>\n \t<li><strong>Geni\u015f arsalar ve havuzlarla \u00f6zel villalar<\/strong><\/li>\n \t<li><strong>Da\u011flar ve ormanlar \u00fczerinden b\u00fcy\u00fcleyici g\u00fcn bat\u0131mlar\u0131<\/strong><\/li>\n<\/ul>\nG\u00fc\u00e7l\u00fc altyap\u0131s\u0131 ile Ovac\u0131k, burada y\u0131l boyunca ya\u015famak isteyenler i\u00e7in m\u00fckemmeldir.\n\t\t\t\t\t\t\t\t<\/div>\n\t\t\t\t<\/div>\n\t\t\t\t<div class=\"elementor-element elementor-element-3e3ee39 animated-slow elementor-invisible elementor-widget elementor-widget-heading\" data-id=\"3e3ee39\" data-element_type=\"widget\" data-e-type=\"widget\" data-settings=\"{&quot;_animation&quot;:&quot;fadeInUp&quot;}\" data-widget_type=\"heading.default\">\n\t\t\t\t<div class=\"elementor-widget-container\">\n\t\t\t\t\t<h2 class=\"elementor-heading-title elementor-size-default\">Hisar\u00f6n\u00fc: Hayat\u0131n Kalbinde, Do\u011fayla \u00c7evrili\n<\/h2>\t\t\t\t<\/div>\n\t\t\t\t<\/div>\n\t\t\t\t<div class=\"elementor-element elementor-element-f2faf8c animated-slow elementor-invisible elementor-widget elementor-widget-text-editor\" data-id=\"f2faf8c\" data-element_type=\"widget\" data-e-type=\"widget\" data-settings=\"{&quot;_animation&quot;:&quot;fadeInUp&quot;,&quot;_animation_delay&quot;:100}\" data-widget_type=\"text-editor.default\">\n\t\t\t\t<div class=\"elementor-widget-container\">\n\t\t\t\t\t\t\t\t\tHisar\u00f6n\u00fc, canl\u0131 sosyal ya\u015fam\u0131 do\u011fal g\u00fczelliklerle birle\u015ftirerek \u00f6zellikle <strong>gen\u00e7 aileler ve yat\u0131r\u0131mc\u0131lar<\/strong> i\u00e7in cazip bir b\u00f6lge haline gelir. \u0130htiyac\u0131n\u0131z olan her \u015fey \u2014 kafeler, restoranlar, marketler ve sa\u011fl\u0131k hizmetleri \u2014 sadece k\u0131sa bir y\u00fcr\u00fcy\u00fc\u015f mesafesindedir.\n<ul>\n \t<li><strong>Y\u00fcksek getiri sa\u011flayan tatil daireleri ve villalar<\/strong><\/li>\n \t<li><strong>Yerel ve uluslararas\u0131 turistlerden g\u00fc\u00e7l\u00fc talep<\/strong><\/li>\n \t<li><strong>Y\u0131l boyunca aktif ve samimi bir topluluk<\/strong><\/li>\n<\/ul>\nHisar\u00f6n\u00fc, do\u011faya yak\u0131n ya\u015famak isteyen ancak asla izole hissetmek istemeyenler i\u00e7in idealdir.\n\t\t\t\t\t\t\t\t<\/div>\n\t\t\t\t<\/div>\n\t\t\t\t<div class=\"elementor-element elementor-element-01d2124 animated-slow elementor-invisible elementor-widget elementor-widget-heading\" data-id=\"01d2124\" data-element_type=\"widget\" data-e-type=\"widget\" data-settings=\"{&quot;_animation&quot;:&quot;fadeInUp&quot;}\" data-widget_type=\"heading.default\">\n\t\t\t\t<div class=\"elementor-widget-container\">\n\t\t\t\t\t<h2 class=\"elementor-heading-title elementor-size-default\">Neden Buradan Ev Sat\u0131n Almal\u0131s\u0131n\u0131z?\n<\/h2>\t\t\t\t<\/div>\n\t\t\t\t<\/div>\n\t\t\t\t<div class=\"elementor-element elementor-element-c8527fb animated-slow elementor-invisible elementor-widget elementor-widget-text-editor\" data-id=\"c8527fb\" data-element_type=\"widget\" data-e-type=\"widget\" data-settings=\"{&quot;_animation&quot;:&quot;fadeInUp&quot;,&quot;_animation_delay&quot;:100}\" data-widget_type=\"text-editor.default\">\n\t\t\t\t<div class=\"elementor-widget-container\">\n\t\t\t\t\t\t\t\t\tBu b\u00f6lgelerden bir m\u00fclk sat\u0131n almak sadece finansal bir yat\u0131r\u0131m de\u011fil \u2014 <strong>daha y\u00fcksek ya\u015fam kalitesine bir ba\u011fl\u0131l\u0131kt\u0131r<\/strong>:\n\n\u2714\ufe0f\u00a0<strong>De\u011fer kazanan m\u00fclkler<\/strong>: Hem T\u00fcrk hem uluslararas\u0131 al\u0131c\u0131lar\u0131n artan ilgisi fiyatlar\u0131n istikrarl\u0131 \u015fekilde y\u00fckselmesini sa\u011flar  \n\u2714\ufe0f\u00a0<strong>Turizm potansiyeli<\/strong>: Sezonluk veya y\u0131ll\u0131k kiralamalarla gelir elde edin  \n\u2714\ufe0f\u00a0<strong>D\u00fc\u015f\u00fck ya\u015fam maliyeti<\/strong>: Avrupa kalitesinde ya\u015fam, maliyetin \u00e7ok daha az\u0131yla  \n\u2714\ufe0f\u00a0<strong>Do\u011fa ve olanaklar\u0131n m\u00fckemmel dengesi<\/strong>: Sosyal ya\u015famdan \u00f6d\u00fcn vermeden huzur ve mahremiyet  \n\u2714\ufe0f\u00a0<strong>M\u00fckemmel ula\u015f\u0131labilirlik<\/strong>: Dalaman Havaliman\u0131\u2019na sadece 45 dakika uzakl\u0131kta, y\u0131l boyunca g\u00fcvenilir ula\u015f\u0131m\n\t\t\t\t\t\t\t\t<\/div>\n\t\t\t\t<\/div>\n\t\t\t\t<div class=\"elementor-element elementor-element-0e2b730 animated-slow elementor-invisible elementor-widget elementor-widget-heading\" data-id=\"0e2b730\" data-element_type=\"widget\" data-e-type=\"widget\" data-settings=\"{&quot;_animation&quot;:&quot;fadeInUp&quot;}\" data-widget_type=\"heading.default\">\n\t\t\t\t<div class=\"elementor-widget-container\">\n\t\t\t\t\t<h2 class=\"elementor-heading-title elementor-size-default\">In Conclusion: Not Just a Home \u2014 A Lifestyle Choice<\/h2>\t\t\t\t<\/div>\n\t\t\t\t<\/div>\n\t\t\t\t<div class=\"elementor-element elementor-element-e6e2722 animated-slow elementor-invisible elementor-widget elementor-widget-text-editor\" data-id=\"e6e2722\" data-element_type=\"widget\" data-e-type=\"widget\" data-settings=\"{&quot;_animation&quot;:&quot;fadeInUp&quot;,&quot;_animation_delay&quot;:100}\" data-widget_type=\"text-editor.default\">\n\t\t\t\t<div class=\"elementor-widget-container\">\n\t\t\t\t\t\t\t\t\t\u00d6l\u00fcdeniz&#8217;in durgun sular\u0131, Ovac\u0131k&#8217;\u0131n serin havas\u0131 ve Hisar\u00f6n\u00fc&#8217;n\u00fcn canl\u0131 ruhu&#8230; Bu \u00fc\u00e7 b\u00f6lge birlikte sadece bir konumdan fazlas\u0131n\u0131 olu\u015fturuyor \u2014 <strong>bir ya\u015fam tarz\u0131n\u0131 temsil ediyorlar<\/strong>.\n\nDo\u011faya yak\u0131nl\u0131k sunan ama modern konforlara da sahip, huzur ve sakinlik ile canl\u0131l\u0131\u011f\u0131n birle\u015fti\u011fi, hem finansal hem de manevi olarak size iyi gelen bir yat\u0131r\u0131m ar\u0131yorsan\u0131z \u2014 o zaman <strong>bir sonraki eviniz tam da burada olabilir.<\/strong>\t\t\t\t\t\t\t\t<\/div>\n\t\t\t\t<\/div>\n\t\t\t\t<div class=\"elementor-element elementor-element-2378ae7 gallery-spacing-custom animated-slow elementor-invisible elementor-widget elementor-widget-image-gallery\" data-id=\"2378ae7\" data-element_type=\"widget\" data-e-type=\"widget\" data-settings=\"{&quot;_animation&quot;:&quot;fadeInUp&quot;}\" data-widget_type=\"image-gallery.default\">\n\t\t\t\t<div class=\"elementor-widget-container\">\n\t\t\t\t\t\t\t<div class=\"elementor-image-gallery\">\n\t\t\t<div id='gallery-1' class='gallery galleryid-8157 gallery-columns-3 gallery-size-full'><figure class='gallery-item'>\n\t\t\t<div class='gallery-icon landscape'>\n\t\t\t\t<a data-elementor-open-lightbox=\"yes\" data-elementor-lightbox-slideshow=\"2378ae7\" data-elementor-lightbox-title=\"oludeniz-1\" data-e-action-hash=\"#elementor-action%3Aaction%3Dlightbox%26settings%3DeyJpZCI6MzYwMywidXJsIjoiaHR0cHM6XC9cL3d3dy5wcm9wZXJ0aWVzdHVya2V5LmNvbVwvd3AtY29udGVudFwvdXBsb2Fkc1wvMjAyNVwvMDhcL29sdWRlbml6LTEuanBnIiwic2xpZGVzaG93IjoiMjM3OGFlNyJ9\" href='https:\/\/www.propertiesturkey.com\/wp-content\/uploads\/2025\/08\/oludeniz-1.jpg'><img fetchpriority=\"high\" decoding=\"async\" width=\"1200\" height=\"800\" src=\"https:\/\/www.propertiesturkey.com\/wp-content\/uploads\/2025\/08\/oludeniz-1.jpg\" class=\"attachment-full size-full\" alt=\"\" srcset=\"\" \/><\/a>\n\t\t\t<\/div><\/figure><figure class='gallery-item'>\n\t\t\t<div class='gallery-icon landscape'>\n\t\t\t\t<a data-elementor-open-lightbox=\"yes\" data-elementor-lightbox-slideshow=\"2378ae7\" data-elementor-lightbox-title=\"oludeniz-2\" data-e-action-hash=\"#elementor-action%3Aaction%3Dlightbox%26settings%3DeyJpZCI6MzYwNiwidXJsIjoiaHR0cHM6XC9cL3d3dy5wcm9wZXJ0aWVzdHVya2V5LmNvbVwvd3AtY29udGVudFwvdXBsb2Fkc1wvMjAyNVwvMDhcL29sdWRlbml6LTIuanBnIiwic2xpZGVzaG93IjoiMjM3OGFlNyJ9\" href='https:\/\/www.propertiesturkey.com\/wp-content\/uploads\/2025\/08\/oludeniz-2.jpg'><img decoding=\"async\" width=\"1200\" height=\"800\" src=\"https:\/\/www.propertiesturkey.com\/wp-content\/uploads\/2025\/08\/oludeniz-2.jpg\" class=\"attachment-full size-full\" alt=\"\" srcset=\"\" \/><\/a>\n\t\t\t<\/div><\/figure><figure class='gallery-item'>\n\t\t\t<div class='gallery-icon landscape'>\n\t\t\t\t<a data-elementor-open-lightbox=\"yes\" data-elementor-lightbox-slideshow=\"2378ae7\" data-elementor-lightbox-title=\"oludeniz-3\" data-e-action-hash=\"#elementor-action%3Aaction%3Dlightbox%26settings%3DeyJpZCI6MzYwOSwidXJsIjoiaHR0cHM6XC9cL3d3dy5wcm9wZXJ0aWVzdHVya2V5LmNvbVwvd3AtY29udGVudFwvdXBsb2Fkc1wvMjAyNVwvMDhcL29sdWRlbml6LTMuanBnIiwic2xpZGVzaG93IjoiMjM3OGFlNyJ9\" href='https:\/\/www.propertiesturkey.com\/wp-content\/uploads\/2025\/08\/oludeniz-3.jpg'><img decoding=\"async\" width=\"1200\" height=\"800\" src=\"https:\/\/www.propertiesturkey.com\/wp-content\/uploads\/2025\/08\/oludeniz-3.jpg\" class=\"attachment-full size-full\" alt=\"\" srcset=\"\" \/><\/a>\n\t\t\t<\/div><\/figure><figure class='gallery-item'>\n\t\t\t<div class='gallery-icon landscape'>\n\t\t\t\t<a data-elementor-open-lightbox=\"yes\" data-elementor-lightbox-slideshow=\"2378ae7\" data-elementor-lightbox-title=\"oludeniz-5\" data-e-action-hash=\"#elementor-action%3Aaction%3Dlightbox%26settings%3DeyJpZCI6MzYxMiwidXJsIjoiaHR0cHM6XC9cL3d3dy5wcm9wZXJ0aWVzdHVya2V5LmNvbVwvd3AtY29udGVudFwvdXBsb2Fkc1wvMjAyNVwvMDhcL29sdWRlbml6LTUuanBnIiwic2xpZGVzaG93IjoiMjM3OGFlNyJ9\" href='https:\/\/www.propertiesturkey.com\/wp-content\/uploads\/2025\/08\/oludeniz-5.jpg'><img loading=\"lazy\" decoding=\"async\" width=\"1200\" height=\"800\" src=\"https:\/\/www.propertiesturkey.com\/wp-content\/uploads\/2025\/08\/oludeniz-5.jpg\" class=\"attachment-full size-full\" alt=\"\" srcset=\"\" \/><\/a>\n\t\t\t<\/div><\/figure><figure class='gallery-item'>\n\t\t\t<div class='gallery-icon landscape'>\n\t\t\t\t<a data-elementor-open-lightbox=\"yes\" data-elementor-lightbox-slideshow=\"2378ae7\" data-elementor-lightbox-title=\"oludeniz-6\" data-e-action-hash=\"#elementor-action%3Aaction%3Dlightbox%26settings%3DeyJpZCI6MzYxNSwidXJsIjoiaHR0cHM6XC9cL3d3dy5wcm9wZXJ0aWVzdHVya2V5LmNvbVwvd3AtY29udGVudFwvdXBsb2Fkc1wvMjAyNVwvMDhcL29sdWRlbml6LTYuanBnIiwic2xpZGVzaG93IjoiMjM3OGFlNyJ9\" href='https:\/\/www.propertiesturkey.com\/wp-content\/uploads\/2025\/08\/oludeniz-6.jpg'><img loading=\"lazy\" decoding=\"async\" width=\"1200\" height=\"800\" src=\"https:\/\/www.propertiesturkey.com\/wp-content\/uploads\/2025\/08\/oludeniz-6.jpg\" class=\"attachment-full size-full\" alt=\"\" srcset=\"\" \/><\/a>\n\t\t\t<\/div><\/figure><figure class='gallery-item'>\n\t\t\t<div class='gallery-icon landscape'>\n\t\t\t\t<a data-elementor-open-lightbox=\"yes\" data-elementor-lightbox-slideshow=\"2378ae7\" data-elementor-lightbox-title=\"oludeniz-7\" data-e-action-hash=\"#elementor-action%3Aaction%3Dlightbox%26settings%3DeyJpZCI6MzYxOCwidXJsIjoiaHR0cHM6XC9cL3d3dy5wcm9wZXJ0aWVzdHVya2V5LmNvbVwvd3AtY29udGVudFwvdXBsb2Fkc1wvMjAyNVwvMDhcL29sdWRlbml6LTcuanBnIiwic2xpZGVzaG93IjoiMjM3OGFlNyJ9\" href='https:\/\/www.propertiesturkey.com\/wp-content\/uploads\/2025\/08\/oludeniz-7.jpg'><img loading=\"lazy\" decoding=\"async\" width=\"1200\" height=\"800\" src=\"https:\/\/www.propertiesturkey.com\/wp-content\/uploads\/2025\/08\/oludeniz-7.jpg\" class=\"attachment-full size-full\" alt=\"\" srcset=\"\" \/><\/a>\n\t\t\t<\/div><\/figure>\n\t\t<\/div>\n\t\t<\/div>\n\t\t\t\t\t\t<\/div>\n\t\t\t\t<\/div>\n\t\t\t\t\t<\/div>\n\t\t<\/div>\n\t\t\t\t\t<\/div>\n\t\t<\/section>\n\t\t\t\t<\/div>\n\t\t","protected":false},"excerpt":{"rendered":"<p>\u00d6l\u00fcdeniz, Ovac\u0131k ve Hisar\u00f6n\u00fc: Hayalinizdeki Hayat\u0131n Ba\u015flad\u0131\u011f\u0131 Yer G\u00fcneybat\u0131 T\u00fcrkiye\u2019de Toros Da\u011flar\u0131\u2019n\u0131n eteklerine saklanm\u0131\u015f \u00fc\u00e7 benzersiz b\u00f6lge sizi bekliyor\u2026 \u00d6l\u00fcdeniz\u2019in b\u00fcy\u00fcleyici lag\u00fcn\u00fc, Ovac\u0131k\u2019\u0131n ferahlat\u0131c\u0131 da\u011f esintisi ve Hisar\u00f6n\u00fc\u2019n\u00fcn canl\u0131 enerjisi yaln\u0131zca bir ya\u015fam alan\u0131 sunmakla kalmaz, ayn\u0131 zamanda unutulmaz bir ya\u015fam tarz\u0131 ve ak\u0131ll\u0131 bir yat\u0131r\u0131m f\u0131rsat\u0131 da sa\u011flar. Neden Bu B\u00f6lge? \u00c7\u00fcnk\u00fc burada sadece [&hellip;]<\/p>\n","protected":false},"author":1,"featured_media":0,"parent":0,"menu_order":0,"comment_status":"closed","ping_status":"closed","template":"template\/template-page.php","meta":{"footnotes":""},"class_list":["post-8157","page","type-page","status-publish","hentry"],"_links":{"self":[{"href":"https:\/\/www.propertiesturkey.com\/tr\/wp-json\/wp\/v2\/pages\/8157","targetHints":{"allow":["GET"]}}],"collection":[{"href":"https:\/\/www.propertiesturkey.com\/tr\/wp-json\/wp\/v2\/pages"}],"about":[{"href":"https:\/\/www.propertiesturkey.com\/tr\/wp-json\/wp\/v2\/types\/page"}],"author":[{"embeddable":true,"href":"https:\/\/www.propertiesturkey.com\/tr\/wp-json\/wp\/v2\/users\/1"}],"replies":[{"embeddable":true,"href":"https:\/\/www.propertiesturkey.com\/tr\/wp-json\/wp\/v2\/comments?post=8157"}],"version-history":[{"count":4,"href":"https:\/\/www.propertiesturkey.com\/tr\/wp-json\/wp\/v2\/pages\/8157\/revisions"}],"predecessor-version":[{"id":8162,"href":"https:\/\/www.propertiesturkey.com\/tr\/wp-json\/wp\/v2\/pages\/8157\/revisions\/8162"}],"wp:attachment":[{"href":"https:\/\/www.propertiesturkey.com\/tr\/wp-json\/wp\/v2\/media?parent=8157"}],"curies":[{"name":"wp","href":"https:\/\/api.w.org\/{rel}","templated":true}]}}